{"id":1716,"date":"2024-11-12T12:21:40","date_gmt":"2024-11-12T12:21:40","guid":{"rendered":"https:\/\/exmc.pt\/?page_id=1716"},"modified":"2025-05-12T16:02:11","modified_gmt":"2025-05-12T16:02:11","slug":"carreira","status":"publish","type":"page","link":"https:\/\/europ-it.lu\/?page_id=1716","title":{"rendered":"Carri\u00e8re"},"content":{"rendered":"\t\t<div data-elementor-type=\"wp-page\" data-elementor-id=\"1716\" class=\"elementor elementor-1716\" data-elementor-post-type=\"page\">\n\t\t\t\t<div class=\"elementor-element elementor-element-6aad5da e-flex e-con-boxed e-con e-parent\" data-id=\"6aad5da\" data-element_type=\"container\" data-settings=\"{&quot;background_background&quot;:&quot;classic&quot;}\">\n\t\t\t\t\t<div class=\"e-con-inner\">\n\t\t\t\t<div class=\"elementor-element elementor-element-de375e7 elementor-widget elementor-widget-heading\" data-id=\"de375e7\" data-element_type=\"widget\" data-widget_type=\"heading.default\">\n\t\t\t\t<div class=\"elementor-widget-container\">\n\t\t\t\t\t<h2 class=\"elementor-heading-title elementor-size-default\">Carri\u00e8re<\/h2>\t\t\t\t<\/div>\n\t\t\t\t<\/div>\n\t\t\t\t\t<\/div>\n\t\t\t\t<\/div>\n\t\t<div class=\"elementor-element elementor-element-0c8d8df e-flex e-con-boxed e-con e-parent\" data-id=\"0c8d8df\" data-element_type=\"container\">\n\t\t\t\t\t<div class=\"e-con-inner\">\n\t\t<div class=\"elementor-element elementor-element-2d86f41 e-con-full e-flex e-con e-child\" data-id=\"2d86f41\" data-element_type=\"container\">\n\t\t\t\t<\/div>\n\t\t<div class=\"elementor-element elementor-element-7ee4eeb e-con-full e-flex e-con e-child\" data-id=\"7ee4eeb\" data-element_type=\"container\" data-settings=\"{&quot;background_background&quot;:&quot;classic&quot;}\">\n\t\t\t\t<div class=\"elementor-element elementor-element-f2ee2b4 elementor-widget__width-initial elementor-widget elementor-widget-heading\" data-id=\"f2ee2b4\" data-element_type=\"widget\" data-widget_type=\"heading.default\">\n\t\t\t\t<div class=\"elementor-widget-container\">\n\t\t\t\t\t<h2 class=\"elementor-heading-title elementor-size-default\">Votre avenir professionnel commence ici\n<\/h2>\t\t\t\t<\/div>\n\t\t\t\t<\/div>\n\t\t\t\t<\/div>\n\t\t\t\t\t<\/div>\n\t\t\t\t<\/div>\n\t\t<div class=\"elementor-element elementor-element-11ffb4e e-flex e-con-boxed e-con e-parent\" data-id=\"11ffb4e\" data-element_type=\"container\">\n\t\t\t\t\t<div class=\"e-con-inner\">\n\t\t<div class=\"elementor-element elementor-element-e1922b1 e-con-full e-flex e-con e-child\" data-id=\"e1922b1\" data-element_type=\"container\">\n\t\t<div class=\"elementor-element elementor-element-7ba3ba5 e-con-full e-flex e-con e-child\" data-id=\"7ba3ba5\" data-element_type=\"container\">\n\t\t<div class=\"elementor-element elementor-element-ec0b46e e-con-full e-flex e-con e-child\" data-id=\"ec0b46e\" data-element_type=\"container\">\n\t\t<div class=\"elementor-element elementor-element-f3a602c e-con-full e-flex elementor-invisible e-con e-child\" data-id=\"f3a602c\" data-element_type=\"container\" data-settings=\"{&quot;animation&quot;:&quot;fadeInRight&quot;}\">\n\t\t<div class=\"elementor-element elementor-element-8c91572 e-con-full e-flex e-con e-child\" data-id=\"8c91572\" data-element_type=\"container\" data-settings=\"{&quot;background_background&quot;:&quot;classic&quot;}\">\n\t\t\t\t<\/div>\n\t\t\t\t<div class=\"elementor-element elementor-element-40a6fc7 elementor-widget__width-initial elementor-widget elementor-widget-text-editor\" data-id=\"40a6fc7\" data-element_type=\"widget\" data-widget_type=\"text-editor.default\">\n\t\t\t\t<div class=\"elementor-widget-container\">\n\t\t\t\t\t\t\t\t\t<div class=\"elementor-element elementor-element-7f73165 elementor-widget__width-initial elementor-widget elementor-widget-text-editor\" data-id=\"7f73165\" data-element_type=\"widget\" data-widget_type=\"text-editor.default\"><div class=\"elementor-widget-container\"><p class=\"cvGsUA direction-ltr align-start para-style-body\"><span class=\"OYPEnA font-feature-liga-off font-feature-clig-off font-feature-calt-off text-decoration-none text-strikethrough-none\">Rejoindre EUROP IT, c\u2019est int\u00e9grer un cabinet \u00e0 taille humaine o\u00f9 chaque collaborateur est encourag\u00e9 \u00e0 exprimer pleinement son potentiel.<\/span><\/p><\/div><\/div><div class=\"elementor-element elementor-element-d441b0c elementor-widget__width-initial elementor-widget elementor-widget-text-editor\" data-id=\"d441b0c\" data-element_type=\"widget\" data-widget_type=\"text-editor.default\"><div class=\"elementor-widget-container\"><p><span class=\"OYPEnA font-feature-liga-off font-feature-clig-off font-feature-calt-off text-decoration-none text-strikethrough-none\">En valorisant l\u2019esprit d\u2019\u00e9quipe, l\u2019innovation et le d\u00e9veloppement personnel, nous mettons un point d\u2019honneur \u00e0 accompagner chacun dans sa trajectoire professionnelle et \u00e0 offrir un cadre propice \u00e0 l\u2019\u00e9panouissement.<\/span><\/p><\/div><\/div>\t\t\t\t\t\t\t\t<\/div>\n\t\t\t\t<\/div>\n\t\t\t\t<\/div>\n\t\t<div class=\"elementor-element elementor-element-90ca0cb e-con-full e-flex elementor-invisible e-con e-child\" data-id=\"90ca0cb\" data-element_type=\"container\" data-settings=\"{&quot;animation&quot;:&quot;fadeInLeft&quot;}\">\n\t\t\t\t<div class=\"elementor-element elementor-element-0434bba elementor-widget elementor-widget-image\" data-id=\"0434bba\" data-element_type=\"widget\" data-widget_type=\"image.default\">\n\t\t\t\t<div class=\"elementor-widget-container\">\n\t\t\t\t\t\t\t\t\t\t\t\t\t\t\t<img decoding=\"async\" src=\"https:\/\/europ-it.lu\/wp-content\/uploads\/2025\/05\/53.png\" title=\"53\" alt=\"53\" loading=\"lazy\" \/>\t\t\t\t\t\t\t\t\t\t\t\t\t\t\t<\/div>\n\t\t\t\t<\/div>\n\t\t<div class=\"elementor-element elementor-element-355e934 e-con-full e-transform e-flex e-con e-child\" data-id=\"355e934\" data-element_type=\"container\" data-settings=\"{&quot;background_background&quot;:&quot;classic&quot;,&quot;_transform_translateX_effect&quot;:{&quot;unit&quot;:&quot;%&quot;,&quot;size&quot;:&quot;&quot;,&quot;sizes&quot;:[]},&quot;_transform_translateX_effect_tablet&quot;:{&quot;unit&quot;:&quot;%&quot;,&quot;size&quot;:&quot;&quot;,&quot;sizes&quot;:[]},&quot;_transform_translateX_effect_mobile&quot;:{&quot;unit&quot;:&quot;%&quot;,&quot;size&quot;:&quot;&quot;,&quot;sizes&quot;:[]},&quot;_transform_translateY_effect&quot;:{&quot;unit&quot;:&quot;%&quot;,&quot;size&quot;:38,&quot;sizes&quot;:[]},&quot;_transform_translateY_effect_tablet&quot;:{&quot;unit&quot;:&quot;%&quot;,&quot;size&quot;:&quot;&quot;,&quot;sizes&quot;:[]},&quot;_transform_translateY_effect_mobile&quot;:{&quot;unit&quot;:&quot;%&quot;,&quot;size&quot;:&quot;&quot;,&quot;sizes&quot;:[]}}\">\n\t\t\t\t<\/div>\n\t\t\t\t<\/div>\n\t\t\t\t<\/div>\n\t\t\t\t<\/div>\n\t\t\t\t<\/div>\n\t\t\t\t\t<\/div>\n\t\t\t\t<\/div>\n\t\t<div class=\"elementor-element elementor-element-ba46ac9 e-con-full elementor-hidden-tablet e-flex e-con e-child\" data-id=\"ba46ac9\" data-element_type=\"container\" data-settings=\"{&quot;background_background&quot;:&quot;classic&quot;}\">\n\t\t<div class=\"elementor-element elementor-element-4f861e5 e-con-full e-flex e-con e-child\" data-id=\"4f861e5\" data-element_type=\"container\">\n\t\t\t\t<div class=\"elementor-element elementor-element-60250a3 elementor-widget elementor-widget-heading\" data-id=\"60250a3\" data-element_type=\"widget\" data-widget_type=\"heading.default\">\n\t\t\t\t<div class=\"elementor-widget-container\">\n\t\t\t\t\t<h2 class=\"elementor-heading-title elementor-size-default\">nos offres d'emploi\n<\/h2>\t\t\t\t<\/div>\n\t\t\t\t<\/div>\n\t\t\t\t<\/div>\n\t\t<div class=\"elementor-element elementor-element-03e4755 e-con-full e-flex e-con e-child\" data-id=\"03e4755\" data-element_type=\"container\">\n\t\t\t\t<div class=\"elementor-element elementor-element-798f428 elementor-position-left elementor-vertical-align-middle elementor-widget__width-initial elementor-widget-tablet__width-initial elementor-view-default elementor-mobile-position-top elementor-widget elementor-widget-icon-box\" data-id=\"798f428\" data-element_type=\"widget\" data-widget_type=\"icon-box.default\">\n\t\t\t\t<div class=\"elementor-widget-container\">\n\t\t\t\t\t\t\t<div class=\"elementor-icon-box-wrapper\">\n\n\t\t\t\t\t\t<div class=\"elementor-icon-box-icon\">\n\t\t\t\t<span  class=\"elementor-icon elementor-animation-shrink\">\n\t\t\t\t<i aria-hidden=\"true\" class=\"icon icon-settings\"><\/i>\t\t\t\t<\/span>\n\t\t\t<\/div>\n\t\t\t\n\t\t\t\t\t\t<div class=\"elementor-icon-box-content\">\n\n\t\t\t\t\n\t\t\t\t\t\t\t\t\t<p class=\"elementor-icon-box-description\">\n\t\t\t\t\t\tD\u00e9veloppement\net ing\u00e9nierie logicielle\t\t\t\t\t<\/p>\n\t\t\t\t\n\t\t\t<\/div>\n\t\t\t\n\t\t<\/div>\n\t\t\t\t\t\t<\/div>\n\t\t\t\t<\/div>\n\t\t\t\t<div class=\"elementor-element elementor-element-c90e90c elementor-position-left elementor-vertical-align-middle elementor-widget__width-initial elementor-widget-tablet__width-initial elementor-view-default elementor-mobile-position-top elementor-widget elementor-widget-icon-box\" data-id=\"c90e90c\" data-element_type=\"widget\" data-widget_type=\"icon-box.default\">\n\t\t\t\t<div class=\"elementor-widget-container\">\n\t\t\t\t\t\t\t<div class=\"elementor-icon-box-wrapper\">\n\n\t\t\t\t\t\t<div class=\"elementor-icon-box-icon\">\n\t\t\t\t<span  class=\"elementor-icon elementor-animation-shrink\">\n\t\t\t\t<i aria-hidden=\"true\" class=\"icon icon-cogwheel1\"><\/i>\t\t\t\t<\/span>\n\t\t\t<\/div>\n\t\t\t\n\t\t\t\t\t\t<div class=\"elementor-icon-box-content\">\n\n\t\t\t\t\n\t\t\t\t\t\t\t\t\t<p class=\"elementor-icon-box-description\">\n\t\t\t\t\t\tConsulting IT\net gestion de projet\t\t\t\t\t<\/p>\n\t\t\t\t\n\t\t\t<\/div>\n\t\t\t\n\t\t<\/div>\n\t\t\t\t\t\t<\/div>\n\t\t\t\t<\/div>\n\t\t\t\t<div class=\"elementor-element elementor-element-82f4e4c elementor-position-left elementor-vertical-align-middle elementor-widget__width-initial elementor-widget-tablet__width-initial elementor-view-default elementor-mobile-position-top elementor-widget elementor-widget-icon-box\" data-id=\"82f4e4c\" data-element_type=\"widget\" data-widget_type=\"icon-box.default\">\n\t\t\t\t<div class=\"elementor-widget-container\">\n\t\t\t\t\t\t\t<div class=\"elementor-icon-box-wrapper\">\n\n\t\t\t\t\t\t<div class=\"elementor-icon-box-icon\">\n\t\t\t\t<span  class=\"elementor-icon elementor-animation-shrink\">\n\t\t\t\t<i aria-hidden=\"true\" class=\"icon icon-api_setup\"><\/i>\t\t\t\t<\/span>\n\t\t\t<\/div>\n\t\t\t\n\t\t\t\t\t\t<div class=\"elementor-icon-box-content\">\n\n\t\t\t\t\n\t\t\t\t\t\t\t\t\t<p class=\"elementor-icon-box-description\">\n\t\t\t\t\t\tInfrastructure\net s\u00e9curit\u00e9 informatique\t\t\t\t\t<\/p>\n\t\t\t\t\n\t\t\t<\/div>\n\t\t\t\n\t\t<\/div>\n\t\t\t\t\t\t<\/div>\n\t\t\t\t<\/div>\n\t\t\t\t<\/div>\n\t\t\t\t<\/div>\n\t\t<div class=\"elementor-element elementor-element-4a65d0d e-flex e-con-boxed e-con e-parent\" data-id=\"4a65d0d\" data-element_type=\"container\">\n\t\t\t\t\t<div class=\"e-con-inner\">\n\t\t<div class=\"elementor-element elementor-element-0b1a0c1 e-con-full e-flex e-con e-child\" data-id=\"0b1a0c1\" data-element_type=\"container\">\n\t\t<div class=\"elementor-element elementor-element-e2d0e14 e-con-full div_carr e-flex elementor-invisible e-con e-child\" data-id=\"e2d0e14\" data-element_type=\"container\" data-settings=\"{&quot;animation&quot;:&quot;fadeInRight&quot;,&quot;background_background&quot;:&quot;classic&quot;}\">\n\t\t<div class=\"elementor-element elementor-element-cd40516 e-con-full e-flex e-con e-child\" data-id=\"cd40516\" data-element_type=\"container\" data-settings=\"{&quot;background_background&quot;:&quot;classic&quot;}\">\n\t\t\t\t<div class=\"elementor-element elementor-element-6609e3f elementor-widget elementor-widget-image\" data-id=\"6609e3f\" data-element_type=\"widget\" data-widget_type=\"image.default\">\n\t\t\t\t<div class=\"elementor-widget-container\">\n\t\t\t\t\t\t\t\t\t\t\t\t\t\t\t<img fetchpriority=\"high\" decoding=\"async\" width=\"800\" height=\"450\" src=\"https:\/\/europ-it.lu\/wp-content\/uploads\/2025\/03\/10-1024x576.png\" class=\"attachment-large size-large wp-image-7785\" alt=\"\" srcset=\"https:\/\/europ-it.lu\/wp-content\/uploads\/2025\/03\/10-1024x576.png 1024w, https:\/\/europ-it.lu\/wp-content\/uploads\/2025\/03\/10-300x169.png 300w, https:\/\/europ-it.lu\/wp-content\/uploads\/2025\/03\/10-768x432.png 768w, https:\/\/europ-it.lu\/wp-content\/uploads\/2025\/03\/10-1536x864.png 1536w, https:\/\/europ-it.lu\/wp-content\/uploads\/2025\/03\/10.png 1920w\" sizes=\"(max-width: 800px) 100vw, 800px\" \/>\t\t\t\t\t\t\t\t\t\t\t\t\t\t\t<\/div>\n\t\t\t\t<\/div>\n\t\t<div class=\"elementor-element elementor-element-73b054c e-con-full e-flex e-con e-child\" data-id=\"73b054c\" data-element_type=\"container\">\n\t\t<div class=\"elementor-element elementor-element-66d0763 e-con-full e-flex e-con e-child\" data-id=\"66d0763\" data-element_type=\"container\" data-settings=\"{&quot;background_background&quot;:&quot;classic&quot;}\">\n\t\t\t\t<\/div>\n\t\t\t\t<\/div>\n\t\t<div class=\"elementor-element elementor-element-fba04b8 e-con-full e-flex e-con e-child\" data-id=\"fba04b8\" data-element_type=\"container\">\n\t\t\t\t<div class=\"elementor-element elementor-element-880e956 elementor-widget__width-initial elementor-widget elementor-widget-text-editor\" data-id=\"880e956\" data-element_type=\"widget\" data-widget_type=\"text-editor.default\">\n\t\t\t\t<div class=\"elementor-widget-container\">\n\t\t\t\t\t\t\t\t\t<p>Un accompagnement personnalis\u00e9 dans votre parcours professionnel<\/p>\t\t\t\t\t\t\t\t<\/div>\n\t\t\t\t<\/div>\n\t\t\t\t<\/div>\n\t\t\t\t<\/div>\n\t\t\t\t<\/div>\n\t\t<div class=\"elementor-element elementor-element-1f4e6d2 e-con-full div_carr e-flex elementor-invisible e-con e-child\" data-id=\"1f4e6d2\" data-element_type=\"container\" data-settings=\"{&quot;animation&quot;:&quot;fadeInRight&quot;,&quot;background_background&quot;:&quot;classic&quot;}\">\n\t\t<div class=\"elementor-element elementor-element-8a71f39 e-con-full e-flex e-con e-child\" data-id=\"8a71f39\" data-element_type=\"container\" data-settings=\"{&quot;background_background&quot;:&quot;classic&quot;}\">\n\t\t\t\t<div class=\"elementor-element elementor-element-08bf053 elementor-widget elementor-widget-image\" data-id=\"08bf053\" data-element_type=\"widget\" data-widget_type=\"image.default\">\n\t\t\t\t<div class=\"elementor-widget-container\">\n\t\t\t\t\t\t\t\t\t\t\t\t\t\t\t<img decoding=\"async\" width=\"800\" height=\"450\" src=\"https:\/\/europ-it.lu\/wp-content\/uploads\/2025\/03\/54-1024x576.png\" class=\"attachment-large size-large wp-image-7794\" alt=\"\" srcset=\"https:\/\/europ-it.lu\/wp-content\/uploads\/2025\/03\/54-1024x576.png 1024w, https:\/\/europ-it.lu\/wp-content\/uploads\/2025\/03\/54-300x169.png 300w, https:\/\/europ-it.lu\/wp-content\/uploads\/2025\/03\/54-768x432.png 768w, https:\/\/europ-it.lu\/wp-content\/uploads\/2025\/03\/54-1536x864.png 1536w, https:\/\/europ-it.lu\/wp-content\/uploads\/2025\/03\/54.png 1920w\" sizes=\"(max-width: 800px) 100vw, 800px\" \/>\t\t\t\t\t\t\t\t\t\t\t\t\t\t\t<\/div>\n\t\t\t\t<\/div>\n\t\t<div class=\"elementor-element elementor-element-c436dbd e-con-full e-flex e-con e-child\" data-id=\"c436dbd\" data-element_type=\"container\">\n\t\t<div class=\"elementor-element elementor-element-c7fbfe6 e-con-full e-flex e-con e-child\" data-id=\"c7fbfe6\" data-element_type=\"container\" data-settings=\"{&quot;background_background&quot;:&quot;classic&quot;}\">\n\t\t\t\t<\/div>\n\t\t\t\t<\/div>\n\t\t<div class=\"elementor-element elementor-element-c4f8826 e-con-full e-flex e-con e-child\" data-id=\"c4f8826\" data-element_type=\"container\">\n\t\t\t\t<div class=\"elementor-element elementor-element-5daa1d2 elementor-widget__width-initial elementor-widget elementor-widget-text-editor\" data-id=\"5daa1d2\" data-element_type=\"widget\" data-widget_type=\"text-editor.default\">\n\t\t\t\t<div class=\"elementor-widget-container\">\n\t\t\t\t\t\t\t\t\t<p>Une ambiance de travail collaborative et conviviale<\/p>\t\t\t\t\t\t\t\t<\/div>\n\t\t\t\t<\/div>\n\t\t\t\t<\/div>\n\t\t\t\t<\/div>\n\t\t\t\t<\/div>\n\t\t<div class=\"elementor-element elementor-element-95511fa e-con-full div_carr e-flex elementor-invisible e-con e-child\" data-id=\"95511fa\" data-element_type=\"container\" data-settings=\"{&quot;animation&quot;:&quot;fadeInRight&quot;,&quot;background_background&quot;:&quot;classic&quot;}\">\n\t\t<div class=\"elementor-element elementor-element-c94ce08 e-con-full e-flex e-con e-child\" data-id=\"c94ce08\" data-element_type=\"container\" data-settings=\"{&quot;background_background&quot;:&quot;classic&quot;}\">\n\t\t\t\t<div class=\"elementor-element elementor-element-8b8b91a elementor-widget elementor-widget-image\" data-id=\"8b8b91a\" data-element_type=\"widget\" data-widget_type=\"image.default\">\n\t\t\t\t<div class=\"elementor-widget-container\">\n\t\t\t\t\t\t\t\t\t\t\t\t\t\t\t<img decoding=\"async\" width=\"800\" height=\"450\" src=\"https:\/\/europ-it.lu\/wp-content\/uploads\/2025\/03\/26-1024x576.png\" class=\"attachment-large size-large wp-image-7792\" alt=\"\" srcset=\"https:\/\/europ-it.lu\/wp-content\/uploads\/2025\/03\/26-1024x576.png 1024w, https:\/\/europ-it.lu\/wp-content\/uploads\/2025\/03\/26-300x169.png 300w, https:\/\/europ-it.lu\/wp-content\/uploads\/2025\/03\/26-768x432.png 768w, https:\/\/europ-it.lu\/wp-content\/uploads\/2025\/03\/26-1536x864.png 1536w, https:\/\/europ-it.lu\/wp-content\/uploads\/2025\/03\/26.png 1920w\" sizes=\"(max-width: 800px) 100vw, 800px\" \/>\t\t\t\t\t\t\t\t\t\t\t\t\t\t\t<\/div>\n\t\t\t\t<\/div>\n\t\t<div class=\"elementor-element elementor-element-b36a9fb e-con-full e-flex e-con e-child\" data-id=\"b36a9fb\" data-element_type=\"container\">\n\t\t<div class=\"elementor-element elementor-element-eb13c57 e-con-full e-flex e-con e-child\" data-id=\"eb13c57\" data-element_type=\"container\" data-settings=\"{&quot;background_background&quot;:&quot;classic&quot;}\">\n\t\t\t\t<\/div>\n\t\t\t\t<\/div>\n\t\t<div class=\"elementor-element elementor-element-0a4bf9e e-con-full e-flex e-con e-child\" data-id=\"0a4bf9e\" data-element_type=\"container\">\n\t\t\t\t<div class=\"elementor-element elementor-element-0077da4 elementor-widget__width-initial elementor-widget elementor-widget-text-editor\" data-id=\"0077da4\" data-element_type=\"widget\" data-widget_type=\"text-editor.default\">\n\t\t\t\t<div class=\"elementor-widget-container\">\n\t\t\t\t\t\t\t\t\t<p>Des projets passionnants<br \/>et innovants<\/p>\t\t\t\t\t\t\t\t<\/div>\n\t\t\t\t<\/div>\n\t\t\t\t<\/div>\n\t\t\t\t<\/div>\n\t\t\t\t<\/div>\n\t\t\t\t<\/div>\n\t\t\t\t<div class=\"elementor-element elementor-element-52e8c8b elementor-widget elementor-widget-heading\" data-id=\"52e8c8b\" data-element_type=\"widget\" data-widget_type=\"heading.default\">\n\t\t\t\t<div class=\"elementor-widget-container\">\n\t\t\t\t\t<h2 class=\"elementor-heading-title elementor-size-default\">3 Excellentes Raisons De Nous Rejoindre\n<\/h2>\t\t\t\t<\/div>\n\t\t\t\t<\/div>\n\t\t\t\t\t<\/div>\n\t\t\t\t<\/div>\n\t\t\t\t<\/div>\n\t\t","protected":false},"excerpt":{"rendered":"<p>Carri\u00e8re Votre avenir professionnel commence ici Rejoindre EUROP IT, c\u2019est int\u00e9grer un cabinet \u00e0 taille humaine o\u00f9 chaque collaborateur est encourag\u00e9 \u00e0 exprimer pleinement son potentiel. En valorisant l\u2019esprit d\u2019\u00e9quipe, l\u2019innovation et le d\u00e9veloppement personnel, nous mettons un point d\u2019honneur \u00e0 accompagner chacun dans sa trajectoire professionnelle et \u00e0 offrir un cadre propice \u00e0 l\u2019\u00e9panouissement. [&hellip;]<\/p>\n","protected":false},"author":1,"featured_media":0,"parent":0,"menu_order":0,"comment_status":"closed","ping_status":"closed","template":"","meta":{"footnotes":""},"class_list":["post-1716","page","type-page","status-publish","hentry"],"_links":{"self":[{"href":"https:\/\/europ-it.lu\/index.php?rest_route=\/wp\/v2\/pages\/1716","targetHints":{"allow":["GET"]}}],"collection":[{"href":"https:\/\/europ-it.lu\/index.php?rest_route=\/wp\/v2\/pages"}],"about":[{"href":"https:\/\/europ-it.lu\/index.php?rest_route=\/wp\/v2\/types\/page"}],"author":[{"embeddable":true,"href":"https:\/\/europ-it.lu\/index.php?rest_route=\/wp\/v2\/users\/1"}],"replies":[{"embeddable":true,"href":"https:\/\/europ-it.lu\/index.php?rest_route=%2Fwp%2Fv2%2Fcomments&post=1716"}],"version-history":[{"count":171,"href":"https:\/\/europ-it.lu\/index.php?rest_route=\/wp\/v2\/pages\/1716\/revisions"}],"predecessor-version":[{"id":8880,"href":"https:\/\/europ-it.lu\/index.php?rest_route=\/wp\/v2\/pages\/1716\/revisions\/8880"}],"wp:attachment":[{"href":"https:\/\/europ-it.lu\/index.php?rest_route=%2Fwp%2Fv2%2Fmedia&parent=1716"}],"curies":[{"name":"wp","href":"https:\/\/api.w.org\/{rel}","templated":true}]}}