{"id":2541,"date":"2024-11-26T13:45:46","date_gmt":"2024-11-26T13:45:46","guid":{"rendered":"https:\/\/exmc.pt\/?page_id=2541"},"modified":"2025-04-23T14:11:05","modified_gmt":"2025-04-23T14:11:05","slug":"nos-clients","status":"publish","type":"page","link":"https:\/\/europ-it.lu\/?page_id=2541","title":{"rendered":"Nos clients"},"content":{"rendered":"\t\t<div data-elementor-type=\"wp-page\" data-elementor-id=\"2541\" class=\"elementor elementor-2541\" data-elementor-post-type=\"page\">\n\t\t\t\t<div class=\"elementor-element elementor-element-b779504 e-flex e-con-boxed e-con e-parent\" data-id=\"b779504\" data-element_type=\"container\" data-settings=\"{&quot;background_background&quot;:&quot;classic&quot;}\">\n\t\t\t\t\t<div class=\"e-con-inner\">\n\t\t\t\t<div class=\"elementor-element elementor-element-3686fb1 elementor-widget elementor-widget-heading\" data-id=\"3686fb1\" data-element_type=\"widget\" data-widget_type=\"heading.default\">\n\t\t\t\t<div class=\"elementor-widget-container\">\n\t\t\t\t\t<h2 class=\"elementor-heading-title elementor-size-default\">NOS CLIENTS <\/h2>\t\t\t\t<\/div>\n\t\t\t\t<\/div>\n\t\t\t\t\t<\/div>\n\t\t\t\t<\/div>\n\t\t<div class=\"elementor-element elementor-element-670acd0 e-flex e-con-boxed e-con e-parent\" data-id=\"670acd0\" data-element_type=\"container\">\n\t\t\t\t\t<div class=\"e-con-inner\">\n\t\t<div class=\"elementor-element elementor-element-cad2bef e-con-full e-flex e-con e-child\" data-id=\"cad2bef\" data-element_type=\"container\">\n\t\t\t\t<\/div>\n\t\t<div class=\"elementor-element elementor-element-9605d67 e-con-full e-flex e-con e-child\" data-id=\"9605d67\" data-element_type=\"container\" data-settings=\"{&quot;background_background&quot;:&quot;classic&quot;}\">\n\t\t\t\t<div class=\"elementor-element elementor-element-d4b9691 elementor-widget elementor-widget-heading\" data-id=\"d4b9691\" data-element_type=\"widget\" data-widget_type=\"heading.default\">\n\t\t\t\t<div class=\"elementor-widget-container\">\n\t\t\t\t\t<h2 class=\"elementor-heading-title elementor-size-default\">DES RELATIONS DE CONFIANCE BAS\u00c9ES SUR L\u2019\u00c9COUTE, L\u2019ADAPTABILIT\u00c9 ET L\u2019EFFICACIT\u00c9\n<\/h2>\t\t\t\t<\/div>\n\t\t\t\t<\/div>\n\t\t\t\t<\/div>\n\t\t\t\t\t<\/div>\n\t\t\t\t<\/div>\n\t\t<div class=\"elementor-element elementor-element-e24946f e-flex e-con-boxed e-con e-parent\" data-id=\"e24946f\" data-element_type=\"container\">\n\t\t\t\t\t<div class=\"e-con-inner\">\n\t\t<div class=\"elementor-element elementor-element-29b098a e-con-full e-flex e-con e-child\" data-id=\"29b098a\" data-element_type=\"container\">\n\t\t<div class=\"elementor-element elementor-element-c9adf20 e-con-full e-flex elementor-invisible e-con e-child\" data-id=\"c9adf20\" data-element_type=\"container\" data-settings=\"{&quot;animation&quot;:&quot;fadeInRight&quot;}\">\n\t\t\t\t<div class=\"elementor-element elementor-element-555ffd6 elementor-widget__width-initial elementor-widget elementor-widget-text-editor\" data-id=\"555ffd6\" data-element_type=\"widget\" data-widget_type=\"text-editor.default\">\n\t\t\t\t<div class=\"elementor-widget-container\">\n\t\t\t\t\t\t\t\t\t<p class=\"cvGsUA direction-ltr align-start para-style-body\"><span class=\"fontstyle0\">Chez EUROP IT, nous avons pour mission d\u2019accompagner nos clients dans leurs transformations digitales en leur apportant les comp\u00e9tences techniques et humaines n\u00e9cessaires \u00e0 la r\u00e9ussite de leurs projets.<\/span><\/p><p class=\"cvGsUA direction-ltr align-start para-style-body\"><span class=\"fontstyle0\">Nos \u00e9quipes, compos\u00e9es d\u2019experts engag\u00e9s et passionn\u00e9s, travaillent main dans la main avec nos clients pour construire des solutions sur mesure et p\u00e9rennes.<\/span><\/p><p class=\"cvGsUA direction-ltr align-start para-style-body\"><span class=\"fontstyle0\">Gr\u00e2ce \u00e0 une approche collaborative et \u00e0 notre savoir faire \u00e9prouv\u00e9, nous cr\u00e9ons des relations de confiance bas\u00e9es sur l\u2019\u00e9coute, l\u2019adaptabilit\u00e9 et l\u2019efficacit\u00e9.<\/span><\/p>\t\t\t\t\t\t\t\t<\/div>\n\t\t\t\t<\/div>\n\t\t<div class=\"elementor-element elementor-element-adc0106 e-con-full e-flex e-con e-child\" data-id=\"adc0106\" data-element_type=\"container\" data-settings=\"{&quot;background_background&quot;:&quot;classic&quot;}\">\n\t\t\t\t<\/div>\n\t\t\t\t<\/div>\n\t\t<div class=\"elementor-element elementor-element-8a40bee e-con-full e-flex elementor-invisible e-con e-child\" data-id=\"8a40bee\" data-element_type=\"container\" data-settings=\"{&quot;animation&quot;:&quot;fadeInLeft&quot;}\">\n\t\t<div class=\"elementor-element elementor-element-ad31cd1 e-con-full e-transform e-flex e-con e-child\" data-id=\"ad31cd1\" data-element_type=\"container\" data-settings=\"{&quot;background_background&quot;:&quot;classic&quot;,&quot;_transform_translateX_effect&quot;:{&quot;unit&quot;:&quot;%&quot;,&quot;size&quot;:&quot;&quot;,&quot;sizes&quot;:[]},&quot;_transform_translateX_effect_tablet&quot;:{&quot;unit&quot;:&quot;%&quot;,&quot;size&quot;:&quot;&quot;,&quot;sizes&quot;:[]},&quot;_transform_translateX_effect_mobile&quot;:{&quot;unit&quot;:&quot;%&quot;,&quot;size&quot;:&quot;&quot;,&quot;sizes&quot;:[]},&quot;_transform_translateY_effect&quot;:{&quot;unit&quot;:&quot;%&quot;,&quot;size&quot;:38,&quot;sizes&quot;:[]},&quot;_transform_translateY_effect_tablet&quot;:{&quot;unit&quot;:&quot;%&quot;,&quot;size&quot;:&quot;&quot;,&quot;sizes&quot;:[]},&quot;_transform_translateY_effect_mobile&quot;:{&quot;unit&quot;:&quot;%&quot;,&quot;size&quot;:&quot;&quot;,&quot;sizes&quot;:[]}}\">\n\t\t\t\t<\/div>\n\t\t\t\t<div class=\"elementor-element elementor-element-5f601ef elementor-widget elementor-widget-image\" data-id=\"5f601ef\" data-element_type=\"widget\" data-widget_type=\"image.default\">\n\t\t\t\t<div class=\"elementor-widget-container\">\n\t\t\t\t\t\t\t\t\t\t\t\t\t\t\t<img fetchpriority=\"high\" decoding=\"async\" width=\"1920\" height=\"1080\" src=\"https:\/\/europ-it.lu\/wp-content\/uploads\/2025\/03\/17.png\" class=\"attachment-full size-full wp-image-7762\" alt=\"\" srcset=\"https:\/\/europ-it.lu\/wp-content\/uploads\/2025\/03\/17.png 1920w, https:\/\/europ-it.lu\/wp-content\/uploads\/2025\/03\/17-300x169.png 300w, https:\/\/europ-it.lu\/wp-content\/uploads\/2025\/03\/17-1024x576.png 1024w, https:\/\/europ-it.lu\/wp-content\/uploads\/2025\/03\/17-768x432.png 768w, https:\/\/europ-it.lu\/wp-content\/uploads\/2025\/03\/17-1536x864.png 1536w\" sizes=\"(max-width: 1920px) 100vw, 1920px\" \/>\t\t\t\t\t\t\t\t\t\t\t\t\t\t\t<\/div>\n\t\t\t\t<\/div>\n\t\t\t\t<\/div>\n\t\t\t\t<\/div>\n\t\t\t\t\t<\/div>\n\t\t\t\t<\/div>\n\t\t<div class=\"elementor-element elementor-element-886e2a0 e-flex e-con-boxed e-con e-parent\" data-id=\"886e2a0\" data-element_type=\"container\">\n\t\t\t\t\t<div class=\"e-con-inner\">\n\t\t<div class=\"elementor-element elementor-element-d952ef2 e-con-full e-flex e-con e-child\" data-id=\"d952ef2\" data-element_type=\"container\">\n\t\t<div class=\"elementor-element elementor-element-3b308ed e-con-full e-flex e-con e-child\" data-id=\"3b308ed\" data-element_type=\"container\">\n\t\t<div class=\"elementor-element elementor-element-f212562 e-con-full e-flex e-con e-child\" data-id=\"f212562\" data-element_type=\"container\" data-settings=\"{&quot;background_background&quot;:&quot;classic&quot;}\">\n\t\t\t\t<\/div>\n\t\t\t\t<\/div>\n\t\t\t\t<div class=\"elementor-element elementor-element-7b48056 elementor-widget elementor-widget-heading\" data-id=\"7b48056\" data-element_type=\"widget\" data-widget_type=\"heading.default\">\n\t\t\t\t<div class=\"elementor-widget-container\">\n\t\t\t\t\t<h2 class=\"elementor-heading-title elementor-size-default\">notre expertise\n<\/h2>\t\t\t\t<\/div>\n\t\t\t\t<\/div>\n\t\t\t\t<\/div>\n\t\t\t\t\t<\/div>\n\t\t\t\t<\/div>\n\t\t<div class=\"elementor-element elementor-element-2bbe7dc elementor-hidden-tablet elementor-hidden-mobile e-flex e-con-boxed e-con e-parent\" data-id=\"2bbe7dc\" data-element_type=\"container\" data-settings=\"{&quot;background_background&quot;:&quot;video&quot;,&quot;background_video_link&quot;:&quot;https:\\\/\\\/europ-it.lu\\\/wp-content\\\/uploads\\\/2024\\\/11\\\/exmc-back-ground.mp4&quot;}\">\n\t\t\t\t\t<div class=\"e-con-inner\">\n\t\t<div class=\"elementor-background-video-container elementor-hidden-mobile\">\n\t\t\t\t\t\t\t<video class=\"elementor-background-video-hosted\" autoplay muted playsinline loop><\/video>\n\t\t\t\t\t<\/div><a class=\"elementor-element elementor-element-ed0736e e-con-full poles_div e-flex elementor-invisible e-con e-child\" data-id=\"ed0736e\" data-element_type=\"container\" data-settings=\"{&quot;animation&quot;:&quot;fadeInRight&quot;,&quot;background_background&quot;:&quot;classic&quot;}\" href=\"https:\/\/europ-it.lu\/?page_id=360\">\n\t\t<div class=\"elementor-element elementor-element-a7ec02c e-con-full e-flex e-con e-child\" data-id=\"a7ec02c\" data-element_type=\"container\" data-settings=\"{&quot;background_background&quot;:&quot;classic&quot;}\">\n\t\t\t\t<\/div>\n\t\t<div class=\"elementor-element elementor-element-3fab24e e-con-full e-flex e-con e-child\" data-id=\"3fab24e\" data-element_type=\"container\" data-settings=\"{&quot;background_background&quot;:&quot;classic&quot;}\">\n\t\t\t\t<div class=\"elementor-element elementor-element-d02b109 elementor-widget elementor-widget-heading\" data-id=\"d02b109\" data-element_type=\"widget\" data-widget_type=\"heading.default\">\n\t\t\t\t<div class=\"elementor-widget-container\">\n\t\t\t\t\t<h2 class=\"elementor-heading-title elementor-size-default\">P\u00f4le Etudes D\u00e9veloppement Testing &amp; Recette<\/h2>\t\t\t\t<\/div>\n\t\t\t\t<\/div>\n\t\t\t\t<\/div>\n\t\t\t\t<\/a>\n\t\t<a class=\"elementor-element elementor-element-6e16cd0 e-con-full poles_div e-flex elementor-invisible e-con e-child\" data-id=\"6e16cd0\" data-element_type=\"container\" data-settings=\"{&quot;animation&quot;:&quot;fadeInRight&quot;,&quot;background_background&quot;:&quot;classic&quot;}\" href=\"https:\/\/europ-it.lu\/?page_id=362\">\n\t\t<div class=\"elementor-element elementor-element-ff8c0a8 e-con-full e-flex e-con e-child\" data-id=\"ff8c0a8\" data-element_type=\"container\" data-settings=\"{&quot;background_background&quot;:&quot;classic&quot;}\">\n\t\t\t\t<\/div>\n\t\t<div class=\"elementor-element elementor-element-91c9540 e-con-full e-flex e-con e-child\" data-id=\"91c9540\" data-element_type=\"container\" data-settings=\"{&quot;background_background&quot;:&quot;classic&quot;}\">\n\t\t\t\t<div class=\"elementor-element elementor-element-ff47b12 elementor-widget elementor-widget-heading\" data-id=\"ff47b12\" data-element_type=\"widget\" data-widget_type=\"heading.default\">\n\t\t\t\t<div class=\"elementor-widget-container\">\n\t\t\t\t\t<h2 class=\"elementor-heading-title elementor-size-default\">P\u00f4le Infrastructure &amp; Op\u00e9ration\n<\/h2>\t\t\t\t<\/div>\n\t\t\t\t<\/div>\n\t\t\t\t<\/div>\n\t\t\t\t<\/a>\n\t\t<a class=\"elementor-element elementor-element-f85e712 e-con-full poles_div e-flex elementor-invisible e-con e-child\" data-id=\"f85e712\" data-element_type=\"container\" data-settings=\"{&quot;animation&quot;:&quot;fadeInRight&quot;,&quot;background_background&quot;:&quot;classic&quot;}\" href=\"https:\/\/europ-it.lu\/?page_id=364\">\n\t\t<div class=\"elementor-element elementor-element-8962191 e-con-full e-flex e-con e-child\" data-id=\"8962191\" data-element_type=\"container\" data-settings=\"{&quot;background_background&quot;:&quot;classic&quot;}\">\n\t\t\t\t<\/div>\n\t\t<div class=\"elementor-element elementor-element-e9a9093 e-con-full e-flex e-con e-child\" data-id=\"e9a9093\" data-element_type=\"container\" data-settings=\"{&quot;background_background&quot;:&quot;classic&quot;}\">\n\t\t\t\t<div class=\"elementor-element elementor-element-00f15ec elementor-widget elementor-widget-heading\" data-id=\"00f15ec\" data-element_type=\"widget\" data-widget_type=\"heading.default\">\n\t\t\t\t<div class=\"elementor-widget-container\">\n\t\t\t\t\t<h2 class=\"elementor-heading-title elementor-size-default\">P\u00f4le Cloud Cybers\u00e9curit\u00e9 &amp; Data\n<\/h2>\t\t\t\t<\/div>\n\t\t\t\t<\/div>\n\t\t\t\t<\/div>\n\t\t\t\t<\/a>\n\t\t<a class=\"elementor-element elementor-element-82bff8d e-con-full poles_div e-flex elementor-invisible e-con e-child\" data-id=\"82bff8d\" data-element_type=\"container\" data-settings=\"{&quot;animation&quot;:&quot;fadeInRight&quot;,&quot;background_background&quot;:&quot;classic&quot;}\" href=\"https:\/\/europ-it.lu\/?page_id=366\">\n\t\t<div class=\"elementor-element elementor-element-1791f92 e-con-full e-flex e-con e-child\" data-id=\"1791f92\" data-element_type=\"container\" data-settings=\"{&quot;background_background&quot;:&quot;classic&quot;}\">\n\t\t\t\t<\/div>\n\t\t<div class=\"elementor-element elementor-element-be776a5 e-con-full e-flex e-con e-child\" data-id=\"be776a5\" data-element_type=\"container\" data-settings=\"{&quot;background_background&quot;:&quot;classic&quot;}\">\n\t\t\t\t<div class=\"elementor-element elementor-element-63d7fd9 elementor-widget elementor-widget-heading\" data-id=\"63d7fd9\" data-element_type=\"widget\" data-widget_type=\"heading.default\">\n\t\t\t\t<div class=\"elementor-widget-container\">\n\t\t\t\t\t<h2 class=\"elementor-heading-title elementor-size-default\">Pilotage &amp; transformation\n<\/h2>\t\t\t\t<\/div>\n\t\t\t\t<\/div>\n\t\t\t\t<\/div>\n\t\t\t\t<\/a>\n\t\t\t\t\t<\/div>\n\t\t\t\t<\/div>\n\t\t\t\t<\/div>\n\t\t","protected":false},"excerpt":{"rendered":"<p>NOS CLIENTS DES RELATIONS DE CONFIANCE BAS\u00c9ES SUR L\u2019\u00c9COUTE, L\u2019ADAPTABILIT\u00c9 ET L\u2019EFFICACIT\u00c9 Chez EUROP IT, nous avons pour mission d\u2019accompagner nos clients dans leurs transformations digitales en leur apportant les comp\u00e9tences techniques et humaines n\u00e9cessaires \u00e0 la r\u00e9ussite de leurs projets. Nos \u00e9quipes, compos\u00e9es d\u2019experts engag\u00e9s et passionn\u00e9s, travaillent main dans la main avec nos [&hellip;]<\/p>\n","protected":false},"author":1,"featured_media":0,"parent":0,"menu_order":0,"comment_status":"closed","ping_status":"closed","template":"","meta":{"footnotes":""},"class_list":["post-2541","page","type-page","status-publish","hentry"],"_links":{"self":[{"href":"https:\/\/europ-it.lu\/index.php?rest_route=\/wp\/v2\/pages\/2541","targetHints":{"allow":["GET"]}}],"collection":[{"href":"https:\/\/europ-it.lu\/index.php?rest_route=\/wp\/v2\/pages"}],"about":[{"href":"https:\/\/europ-it.lu\/index.php?rest_route=\/wp\/v2\/types\/page"}],"author":[{"embeddable":true,"href":"https:\/\/europ-it.lu\/index.php?rest_route=\/wp\/v2\/users\/1"}],"replies":[{"embeddable":true,"href":"https:\/\/europ-it.lu\/index.php?rest_route=%2Fwp%2Fv2%2Fcomments&post=2541"}],"version-history":[{"count":78,"href":"https:\/\/europ-it.lu\/index.php?rest_route=\/wp\/v2\/pages\/2541\/revisions"}],"predecessor-version":[{"id":8201,"href":"https:\/\/europ-it.lu\/index.php?rest_route=\/wp\/v2\/pages\/2541\/revisions\/8201"}],"wp:attachment":[{"href":"https:\/\/europ-it.lu\/index.php?rest_route=%2Fwp%2Fv2%2Fmedia&parent=2541"}],"curies":[{"name":"wp","href":"https:\/\/api.w.org\/{rel}","templated":true}]}}