{"id":347,"date":"2024-10-05T16:05:40","date_gmt":"2024-10-05T16:05:40","guid":{"rendered":"https:\/\/exmc.pt\/?page_id=347"},"modified":"2025-03-29T11:49:01","modified_gmt":"2025-03-29T11:49:01","slug":"a-nossa-missao","status":"publish","type":"page","link":"https:\/\/europ-it.lu\/?page_id=347","title":{"rendered":"Notre mission"},"content":{"rendered":"\t\t<div data-elementor-type=\"wp-page\" data-elementor-id=\"347\" class=\"elementor elementor-347\" data-elementor-post-type=\"page\">\n\t\t\t\t<div class=\"elementor-element elementor-element-a1730ef e-flex e-con-boxed e-con e-parent\" data-id=\"a1730ef\" data-element_type=\"container\" data-settings=\"{&quot;background_background&quot;:&quot;classic&quot;}\">\n\t\t\t\t\t<div class=\"e-con-inner\">\n\t\t\t\t<div class=\"elementor-element elementor-element-2045408 elementor-widget elementor-widget-heading\" data-id=\"2045408\" data-element_type=\"widget\" data-widget_type=\"heading.default\">\n\t\t\t\t<div class=\"elementor-widget-container\">\n\t\t\t\t\t<h2 class=\"elementor-heading-title elementor-size-default\">NOTRE MISSION<\/h2>\t\t\t\t<\/div>\n\t\t\t\t<\/div>\n\t\t\t\t\t<\/div>\n\t\t\t\t<\/div>\n\t\t<div class=\"elementor-element elementor-element-bed94e0 e-flex e-con-boxed e-con e-parent\" data-id=\"bed94e0\" data-element_type=\"container\">\n\t\t\t\t\t<div class=\"e-con-inner\">\n\t\t<div class=\"elementor-element elementor-element-8e70ab5 e-con-full e-flex e-con e-child\" data-id=\"8e70ab5\" data-element_type=\"container\">\n\t\t\t\t<\/div>\n\t\t<div class=\"elementor-element elementor-element-3e35061 e-con-full e-flex e-con e-child\" data-id=\"3e35061\" data-element_type=\"container\" data-settings=\"{&quot;background_background&quot;:&quot;classic&quot;}\">\n\t\t\t\t<div class=\"elementor-element elementor-element-cf32c2f elementor-widget elementor-widget-heading\" data-id=\"cf32c2f\" data-element_type=\"widget\" data-widget_type=\"heading.default\">\n\t\t\t\t<div class=\"elementor-widget-container\">\n\t\t\t\t\t<h2 class=\"elementor-heading-title elementor-size-default\">R\u00e9pondre \u00e0 vos enjeux, maximiser vos opportunit\u00e9s\n<\/h2>\t\t\t\t<\/div>\n\t\t\t\t<\/div>\n\t\t\t\t<\/div>\n\t\t\t\t\t<\/div>\n\t\t\t\t<\/div>\n\t\t<div class=\"elementor-element elementor-element-292ce27 e-flex e-con-boxed e-con e-parent\" data-id=\"292ce27\" data-element_type=\"container\">\n\t\t\t\t\t<div class=\"e-con-inner\">\n\t\t<div class=\"elementor-element elementor-element-f64954a e-con-full e-flex e-con e-child\" data-id=\"f64954a\" data-element_type=\"container\">\n\t\t<div class=\"elementor-element elementor-element-c2b27c1 e-con-full e-flex elementor-invisible e-con e-child\" data-id=\"c2b27c1\" data-element_type=\"container\" data-settings=\"{&quot;animation&quot;:&quot;fadeInRight&quot;}\">\n\t\t\t\t<div class=\"elementor-element elementor-element-01feb76 elementor-widget__width-initial elementor-hidden-desktop elementor-widget elementor-widget-text-editor\" data-id=\"01feb76\" data-element_type=\"widget\" data-widget_type=\"text-editor.default\">\n\t\t\t\t<div class=\"elementor-widget-container\">\n\t\t\t\t\t\t\t\t\t<p><span class=\"OYPEnA font-feature-liga-off font-feature-clig-off font-feature-calt-off text-decoration-none text-strikethrough-none\">Le c\u0153ur de notre mission est d\u2019accompagner nos clients dans la r\u00e9alisation de leurs projets en mettant \u00e0 leur disposition des \u00e9quipes techniques<br \/>expertes <\/span><span class=\"OYPEnA font-feature-liga-off font-feature-clig-off font-feature-calt-off text-decoration-none text-strikethrough-none\">et adapt\u00e9es \u00e0 leurs besoins strat\u00e9giques.<\/span><\/p>\t\t\t\t\t\t\t\t<\/div>\n\t\t\t\t<\/div>\n\t\t\t\t<div class=\"elementor-element elementor-element-6c57feb elementor-widget__width-initial elementor-widget elementor-widget-text-editor\" data-id=\"6c57feb\" data-element_type=\"widget\" data-widget_type=\"text-editor.default\">\n\t\t\t\t<div class=\"elementor-widget-container\">\n\t\t\t\t\t\t\t\t\t<p><span class=\"OYPEnA font-feature-liga-off font-feature-clig-off font-feature-calt-off text-decoration-none text-strikethrough-none\">Le c\u0153ur de notre mission est d\u2019accompagner nos clients dans la r\u00e9alisation de leurs projets<br \/>en mettant \u00e0 leur disposition des \u00e9quipes techniques expertes\u00a0<\/span><span class=\"OYPEnA font-feature-liga-off font-feature-clig-off font-feature-calt-off text-decoration-none text-strikethrough-none\">et adapt\u00e9es \u00e0 leurs besoins strat\u00e9giques.<\/span><\/p><p><span class=\"OYPEnA font-feature-liga-off font-feature-clig-off font-feature-calt-off text-decoration-none text-strikethrough-none\">Notre objectif est de leur fournir les meilleurs talents afin de renforcer leurs \u00e9quipes et de garantir le succ\u00e8s de leurs initiatives.<\/span><\/p><p><span class=\"OYPEnA font-feature-liga-off font-feature-clig-off font-feature-calt-off text-decoration-none text-strikethrough-none\">Notre cabinet repose sur des valeurs humaines et professionnelles solides, qui fa\u00e7onnent notre approche et notre vision \u00e0 long terme.<\/span><\/p><p><span class=\"OYPEnA font-feature-liga-off font-feature-clig-off font-feature-calt-off text-decoration-none text-strikethrough-none\">Ces valeurs guident chacune de nos actions, que ce soit dans la collaboration avec nos clients ou dans le d\u00e9veloppement et l\u2019\u00e9panouissement de nos \u00e9quipes.<\/span><\/p><p><span class=\"OYPEnA font-feature-liga-off font-feature-clig-off font-feature-calt-off text-decoration-none text-strikethrough-none\">Chaque ann\u00e9e, nous nous r\u00e9unissons pour r\u00e9fl\u00e9chir ensemble \u00e0 la signification et \u00e0 l\u2019importance de ces valeurs, tant dans notre travail que dans notre quotidien.<\/span><\/p>\t\t\t\t\t\t\t\t<\/div>\n\t\t\t\t<\/div>\n\t\t<div class=\"elementor-element elementor-element-49ac269 e-con-full elementor-hidden-desktop e-flex e-con e-child\" data-id=\"49ac269\" data-element_type=\"container\" data-settings=\"{&quot;background_background&quot;:&quot;classic&quot;}\">\n\t\t\t\t<\/div>\n\t\t<div class=\"elementor-element elementor-element-b758591 e-con-full elementor-hidden-tablet elementor-hidden-mobile e-flex e-con e-child\" data-id=\"b758591\" data-element_type=\"container\" data-settings=\"{&quot;background_background&quot;:&quot;classic&quot;}\">\n\t\t\t\t<\/div>\n\t\t\t\t<\/div>\n\t\t<div class=\"elementor-element elementor-element-c98ca37 e-con-full e-flex elementor-invisible e-con e-child\" data-id=\"c98ca37\" data-element_type=\"container\" data-settings=\"{&quot;animation&quot;:&quot;fadeInLeft&quot;}\">\n\t\t<div class=\"elementor-element elementor-element-802b0b9 e-con-full e-transform e-flex e-con e-child\" data-id=\"802b0b9\" data-element_type=\"container\" data-settings=\"{&quot;background_background&quot;:&quot;classic&quot;,&quot;_transform_translateX_effect&quot;:{&quot;unit&quot;:&quot;%&quot;,&quot;size&quot;:&quot;&quot;,&quot;sizes&quot;:[]},&quot;_transform_translateX_effect_tablet&quot;:{&quot;unit&quot;:&quot;%&quot;,&quot;size&quot;:&quot;&quot;,&quot;sizes&quot;:[]},&quot;_transform_translateX_effect_mobile&quot;:{&quot;unit&quot;:&quot;%&quot;,&quot;size&quot;:&quot;&quot;,&quot;sizes&quot;:[]},&quot;_transform_translateY_effect&quot;:{&quot;unit&quot;:&quot;%&quot;,&quot;size&quot;:38,&quot;sizes&quot;:[]},&quot;_transform_translateY_effect_tablet&quot;:{&quot;unit&quot;:&quot;%&quot;,&quot;size&quot;:&quot;&quot;,&quot;sizes&quot;:[]},&quot;_transform_translateY_effect_mobile&quot;:{&quot;unit&quot;:&quot;%&quot;,&quot;size&quot;:&quot;&quot;,&quot;sizes&quot;:[]}}\">\n\t\t\t\t<\/div>\n\t\t\t\t<div class=\"elementor-element elementor-element-77bc0c7 elementor-widget elementor-widget-image\" data-id=\"77bc0c7\" data-element_type=\"widget\" data-widget_type=\"image.default\">\n\t\t\t\t<div class=\"elementor-widget-container\">\n\t\t\t\t\t\t\t\t\t\t\t\t\t\t\t<img fetchpriority=\"high\" decoding=\"async\" width=\"1920\" height=\"1080\" src=\"https:\/\/europ-it.lu\/wp-content\/uploads\/2025\/03\/24.png\" class=\"attachment-full size-full wp-image-7607\" alt=\"\" srcset=\"https:\/\/europ-it.lu\/wp-content\/uploads\/2025\/03\/24.png 1920w, https:\/\/europ-it.lu\/wp-content\/uploads\/2025\/03\/24-300x169.png 300w, https:\/\/europ-it.lu\/wp-content\/uploads\/2025\/03\/24-1024x576.png 1024w, https:\/\/europ-it.lu\/wp-content\/uploads\/2025\/03\/24-768x432.png 768w, https:\/\/europ-it.lu\/wp-content\/uploads\/2025\/03\/24-1536x864.png 1536w\" sizes=\"(max-width: 1920px) 100vw, 1920px\" \/>\t\t\t\t\t\t\t\t\t\t\t\t\t\t\t<\/div>\n\t\t\t\t<\/div>\n\t\t\t\t<\/div>\n\t\t\t\t<\/div>\n\t\t\t\t\t<\/div>\n\t\t\t\t<\/div>\n\t\t\t\t<\/div>\n\t\t","protected":false},"excerpt":{"rendered":"<p>NOTRE MISSION R\u00e9pondre \u00e0 vos enjeux, maximiser vos opportunit\u00e9s Le c\u0153ur de notre mission est d\u2019accompagner nos clients dans la r\u00e9alisation de leurs projets en mettant \u00e0 leur disposition des \u00e9quipes techniquesexpertes et adapt\u00e9es \u00e0 leurs besoins strat\u00e9giques. Le c\u0153ur de notre mission est d\u2019accompagner nos clients dans la r\u00e9alisation de leurs projetsen mettant \u00e0 [&hellip;]<\/p>\n","protected":false},"author":1,"featured_media":0,"parent":0,"menu_order":0,"comment_status":"closed","ping_status":"closed","template":"","meta":{"footnotes":""},"class_list":["post-347","page","type-page","status-publish","hentry"],"_links":{"self":[{"href":"https:\/\/europ-it.lu\/index.php?rest_route=\/wp\/v2\/pages\/347","targetHints":{"allow":["GET"]}}],"collection":[{"href":"https:\/\/europ-it.lu\/index.php?rest_route=\/wp\/v2\/pages"}],"about":[{"href":"https:\/\/europ-it.lu\/index.php?rest_route=\/wp\/v2\/types\/page"}],"author":[{"embeddable":true,"href":"https:\/\/europ-it.lu\/index.php?rest_route=\/wp\/v2\/users\/1"}],"replies":[{"embeddable":true,"href":"https:\/\/europ-it.lu\/index.php?rest_route=%2Fwp%2Fv2%2Fcomments&post=347"}],"version-history":[{"count":125,"href":"https:\/\/europ-it.lu\/index.php?rest_route=\/wp\/v2\/pages\/347\/revisions"}],"predecessor-version":[{"id":7622,"href":"https:\/\/europ-it.lu\/index.php?rest_route=\/wp\/v2\/pages\/347\/revisions\/7622"}],"wp:attachment":[{"href":"https:\/\/europ-it.lu\/index.php?rest_route=%2Fwp%2Fv2%2Fmedia&parent=347"}],"curies":[{"name":"wp","href":"https:\/\/api.w.org\/{rel}","templated":true}]}}