{"id":354,"date":"2024-10-05T16:10:03","date_gmt":"2024-10-05T16:10:03","guid":{"rendered":"https:\/\/exmc.pt\/?page_id=354"},"modified":"2025-03-29T12:25:30","modified_gmt":"2025-03-29T12:25:30","slug":"rse","status":"publish","type":"page","link":"https:\/\/europ-it.lu\/?page_id=354","title":{"rendered":"rse"},"content":{"rendered":"\t\t<div data-elementor-type=\"wp-page\" data-elementor-id=\"354\" class=\"elementor elementor-354\" data-elementor-post-type=\"page\">\n\t\t\t\t<div class=\"elementor-element elementor-element-83cf9a7 e-flex e-con-boxed e-con e-parent\" data-id=\"83cf9a7\" data-element_type=\"container\" data-settings=\"{&quot;background_background&quot;:&quot;classic&quot;}\">\n\t\t\t\t\t<div class=\"e-con-inner\">\n\t\t\t\t<div class=\"elementor-element elementor-element-1ae8797 elementor-widget elementor-widget-heading\" data-id=\"1ae8797\" data-element_type=\"widget\" data-widget_type=\"heading.default\">\n\t\t\t\t<div class=\"elementor-widget-container\">\n\t\t\t\t\t<h2 class=\"elementor-heading-title elementor-size-default\">notre engagement rse\n<\/h2>\t\t\t\t<\/div>\n\t\t\t\t<\/div>\n\t\t\t\t\t<\/div>\n\t\t\t\t<\/div>\n\t\t<div class=\"elementor-element elementor-element-3ed8964 e-flex e-con-boxed e-con e-parent\" data-id=\"3ed8964\" data-element_type=\"container\">\n\t\t\t\t\t<div class=\"e-con-inner\">\n\t\t<div class=\"elementor-element elementor-element-9058307 e-con-full e-flex e-con e-child\" data-id=\"9058307\" data-element_type=\"container\">\n\t\t\t\t<\/div>\n\t\t<div class=\"elementor-element elementor-element-72f19fb e-con-full e-flex e-con e-child\" data-id=\"72f19fb\" data-element_type=\"container\" data-settings=\"{&quot;background_background&quot;:&quot;classic&quot;}\">\n\t\t\t\t<div class=\"elementor-element elementor-element-93eae0e elementor-widget elementor-widget-heading\" data-id=\"93eae0e\" data-element_type=\"widget\" data-widget_type=\"heading.default\">\n\t\t\t\t<div class=\"elementor-widget-container\">\n\t\t\t\t\t<h2 class=\"elementor-heading-title elementor-size-default\">Ensemble pour un D\u00e9veloppement Responsable et Solidaire\n<\/h2>\t\t\t\t<\/div>\n\t\t\t\t<\/div>\n\t\t\t\t<\/div>\n\t\t\t\t\t<\/div>\n\t\t\t\t<\/div>\n\t\t<div class=\"elementor-element elementor-element-2b32cf0 e-flex e-con-boxed e-con e-parent\" data-id=\"2b32cf0\" data-element_type=\"container\">\n\t\t\t\t\t<div class=\"e-con-inner\">\n\t\t<div class=\"elementor-element elementor-element-47a84ed e-con-full e-flex e-con e-child\" data-id=\"47a84ed\" data-element_type=\"container\">\n\t\t<div class=\"elementor-element elementor-element-78bbf1e e-con-full e-flex elementor-invisible e-con e-child\" data-id=\"78bbf1e\" data-element_type=\"container\" data-settings=\"{&quot;animation&quot;:&quot;fadeInRight&quot;}\">\n\t\t\t\t<div class=\"elementor-element elementor-element-8aa1676 elementor-widget__width-initial elementor-widget elementor-widget-text-editor\" data-id=\"8aa1676\" data-element_type=\"widget\" data-widget_type=\"text-editor.default\">\n\t\t\t\t<div class=\"elementor-widget-container\">\n\t\t\t\t\t\t\t\t\t<div class=\"elementor-element elementor-element-8aa1676 elementor-widget__width-initial elementor-widget elementor-widget-text-editor\" data-id=\"8aa1676\" data-element_type=\"widget\" data-widget_type=\"text-editor.default\"><div class=\"elementor-widget-container\"><p class=\"cvGsUA direction-ltr align-justify para-style-body\"><span class=\"OYPEnA font-feature-liga-off font-feature-clig-off font-feature-calt-off text-decoration-none text-strikethrough-none\">Nous sommes convaincus que notre r\u00f4le ne se limite pas \u00e0 la performance \u00e9conomique.<\/span><\/p><\/div><\/div><div class=\"elementor-element elementor-element-e4b6de2 elementor-widget__width-initial elementor-widget elementor-widget-text-editor\" data-id=\"e4b6de2\" data-element_type=\"widget\" data-widget_type=\"text-editor.default\"><div class=\"elementor-widget-container\"><p class=\"cvGsUA direction-ltr align-justify para-style-body\"><span class=\"OYPEnA font-feature-liga-off font-feature-clig-off font-feature-calt-off text-decoration-none text-strikethrough-none\">Notre engagement en mati\u00e8re de Responsabilit\u00e9 Soci\u00e9tale des Entreprises repose sur une approche int\u00e9gr\u00e9e qui vise \u00e0 concilier succ\u00e8s commercial et impact positif sur la soci\u00e9t\u00e9 et l\u2019environnement.<\/span><\/p><\/div><\/div><div class=\"elementor-element elementor-element-0d0e7ec elementor-widget__width-initial elementor-widget elementor-widget-text-editor\" data-id=\"0d0e7ec\" data-element_type=\"widget\" data-widget_type=\"text-editor.default\"><div class=\"elementor-widget-container\"><p><span class=\"OYPEnA font-feature-liga-off font-feature-clig-off font-feature-calt-off text-decoration-none text-strikethrough-none\">Nous nous engageons \u00e0 adopter des pratiques durables dans toutes nos activit\u00e9s, en r\u00e9duisant notre empreinte carbone et en favorisant l\u2019\u00e9conomie circulaire.<\/span><\/p><\/div><\/div>\t\t\t\t\t\t\t\t<\/div>\n\t\t\t\t<\/div>\n\t\t<div class=\"elementor-element elementor-element-4c0e935 e-con-full e-flex e-con e-child\" data-id=\"4c0e935\" data-element_type=\"container\" data-settings=\"{&quot;background_background&quot;:&quot;classic&quot;}\">\n\t\t\t\t<\/div>\n\t\t\t\t<\/div>\n\t\t<div class=\"elementor-element elementor-element-0fc957c e-con-full e-flex elementor-invisible e-con e-child\" data-id=\"0fc957c\" data-element_type=\"container\" data-settings=\"{&quot;animation&quot;:&quot;fadeInLeft&quot;}\">\n\t\t<div class=\"elementor-element elementor-element-71c44d1 e-con-full e-transform e-flex e-con e-child\" data-id=\"71c44d1\" data-element_type=\"container\" data-settings=\"{&quot;background_background&quot;:&quot;classic&quot;,&quot;_transform_translateX_effect&quot;:{&quot;unit&quot;:&quot;%&quot;,&quot;size&quot;:&quot;&quot;,&quot;sizes&quot;:[]},&quot;_transform_translateX_effect_tablet&quot;:{&quot;unit&quot;:&quot;%&quot;,&quot;size&quot;:&quot;&quot;,&quot;sizes&quot;:[]},&quot;_transform_translateX_effect_mobile&quot;:{&quot;unit&quot;:&quot;%&quot;,&quot;size&quot;:&quot;&quot;,&quot;sizes&quot;:[]},&quot;_transform_translateY_effect&quot;:{&quot;unit&quot;:&quot;%&quot;,&quot;size&quot;:38,&quot;sizes&quot;:[]},&quot;_transform_translateY_effect_tablet&quot;:{&quot;unit&quot;:&quot;%&quot;,&quot;size&quot;:&quot;&quot;,&quot;sizes&quot;:[]},&quot;_transform_translateY_effect_mobile&quot;:{&quot;unit&quot;:&quot;%&quot;,&quot;size&quot;:&quot;&quot;,&quot;sizes&quot;:[]}}\">\n\t\t\t\t<\/div>\n\t\t\t\t<div class=\"elementor-element elementor-element-b4d3620 elementor-widget elementor-widget-image\" data-id=\"b4d3620\" data-element_type=\"widget\" data-widget_type=\"image.default\">\n\t\t\t\t<div class=\"elementor-widget-container\">\n\t\t\t\t\t\t\t\t\t\t\t\t\t\t\t<img decoding=\"async\" src=\"https:\/\/europ-it.lu\/wp-content\/uploads\/2025\/03\/86-1.png\" title=\"86\" alt=\"86\" loading=\"lazy\" \/>\t\t\t\t\t\t\t\t\t\t\t\t\t\t\t<\/div>\n\t\t\t\t<\/div>\n\t\t\t\t<\/div>\n\t\t\t\t<\/div>\n\t\t\t\t\t<\/div>\n\t\t\t\t<\/div>\n\t\t<div class=\"elementor-element elementor-element-ce396a3 e-flex e-con-boxed e-con e-parent\" data-id=\"ce396a3\" data-element_type=\"container\">\n\t\t\t\t\t<div class=\"e-con-inner\">\n\t\t<div class=\"elementor-element elementor-element-8f15dfd e-con-full e-flex e-con e-child\" data-id=\"8f15dfd\" data-element_type=\"container\">\n\t\t<div class=\"elementor-element elementor-element-32d9486 e-con-full e-flex elementor-invisible e-con e-child\" data-id=\"32d9486\" data-element_type=\"container\" data-settings=\"{&quot;animation&quot;:&quot;fadeInRight&quot;}\">\n\t\t\t\t<div class=\"elementor-element elementor-element-c6dba2f elementor-widget__width-initial elementor-widget elementor-widget-text-editor\" data-id=\"c6dba2f\" data-element_type=\"widget\" data-widget_type=\"text-editor.default\">\n\t\t\t\t<div class=\"elementor-widget-container\">\n\t\t\t\t\t\t\t\t\t<div class=\"elementor-element elementor-element-c6dba2f elementor-widget__width-initial elementor-widget elementor-widget-text-editor\" data-id=\"c6dba2f\" data-element_type=\"widget\" data-widget_type=\"text-editor.default\"><div class=\"elementor-widget-container\"><p><span class=\"OYPEnA font-feature-liga-off font-feature-clig-off font-feature-calt-off text-decoration-none text-strikethrough-none\">Nous soutenons \u00e9galement des initiatives sociales et environnementales, en encourageant nos collaborateurs \u00e0 s\u2019impliquer dans des projets qui ont un sens pour eux.<\/span><\/p><\/div><\/div><div class=\"elementor-element elementor-element-17d7bbc elementor-widget__width-initial elementor-widget elementor-widget-text-editor\" data-id=\"17d7bbc\" data-element_type=\"widget\" data-widget_type=\"text-editor.default\"><div class=\"elementor-widget-container\"><p><span class=\"OYPEnA font-feature-liga-off font-feature-clig-off font-feature-calt-off text-decoration-none text-strikethrough-none\">Que ce soit \u00e0 travers le b\u00e9n\u00e9volat, le soutien \u00e0 des associations ou des actions de sensibilisation, nous croyons fermement en la n\u00e9cessit\u00e9 d\u2019agir pour un avenir meilleur.<\/span><\/p><\/div><\/div><div class=\"elementor-element elementor-element-9edcea9 elementor-widget__width-initial elementor-widget elementor-widget-text-editor\" data-id=\"9edcea9\" data-element_type=\"widget\" data-widget_type=\"text-editor.default\"><div class=\"elementor-widget-container\"><p class=\"cvGsUA direction-ltr align-start para-style-body\"><span class=\"OYPEnA font-feature-liga-off font-feature-clig-off font-feature-calt-off text-decoration-none text-strikethrough-none\">En cultivant une culture d\u2019entreprise responsable,\u00a0<\/span><span class=\"OYPEnA font-feature-liga-off font-feature-clig-off font-feature-calt-off text-decoration-none text-strikethrough-none\">nous aspirons \u00e0 \u00eatre un acteur de changement, en contribuant \u00e0 la construction d\u2019une soci\u00e9t\u00e9 plus juste et durable.<\/span><\/p><\/div><\/div>\t\t\t\t\t\t\t\t<\/div>\n\t\t\t\t<\/div>\n\t\t\t\t<\/div>\n\t\t<div class=\"elementor-element elementor-element-25dc9aa e-con-full e-flex elementor-invisible e-con e-child\" data-id=\"25dc9aa\" data-element_type=\"container\" data-settings=\"{&quot;animation&quot;:&quot;fadeInLeft&quot;}\">\n\t\t<div class=\"elementor-element elementor-element-09b77dc e-con-full e-transform e-flex e-con e-child\" data-id=\"09b77dc\" data-element_type=\"container\" data-settings=\"{&quot;background_background&quot;:&quot;classic&quot;,&quot;_transform_translateX_effect&quot;:{&quot;unit&quot;:&quot;%&quot;,&quot;size&quot;:&quot;&quot;,&quot;sizes&quot;:[]},&quot;_transform_translateX_effect_tablet&quot;:{&quot;unit&quot;:&quot;%&quot;,&quot;size&quot;:&quot;&quot;,&quot;sizes&quot;:[]},&quot;_transform_translateX_effect_mobile&quot;:{&quot;unit&quot;:&quot;%&quot;,&quot;size&quot;:&quot;&quot;,&quot;sizes&quot;:[]},&quot;_transform_translateY_effect&quot;:{&quot;unit&quot;:&quot;%&quot;,&quot;size&quot;:38,&quot;sizes&quot;:[]},&quot;_transform_translateY_effect_tablet&quot;:{&quot;unit&quot;:&quot;%&quot;,&quot;size&quot;:&quot;&quot;,&quot;sizes&quot;:[]},&quot;_transform_translateY_effect_mobile&quot;:{&quot;unit&quot;:&quot;%&quot;,&quot;size&quot;:&quot;&quot;,&quot;sizes&quot;:[]}}\">\n\t\t\t\t<\/div>\n\t\t\t\t<div class=\"elementor-element elementor-element-1d65c06 elementor-widget elementor-widget-image\" data-id=\"1d65c06\" data-element_type=\"widget\" data-widget_type=\"image.default\">\n\t\t\t\t<div class=\"elementor-widget-container\">\n\t\t\t\t\t\t\t\t\t\t\t\t\t\t\t<img decoding=\"async\" src=\"https:\/\/europ-it.lu\/wp-content\/uploads\/2025\/03\/84.png\" title=\"84\" alt=\"84\" loading=\"lazy\" \/>\t\t\t\t\t\t\t\t\t\t\t\t\t\t\t<\/div>\n\t\t\t\t<\/div>\n\t\t\t\t<\/div>\n\t\t\t\t<\/div>\n\t\t\t\t\t<\/div>\n\t\t\t\t<\/div>\n\t\t\t\t<\/div>\n\t\t","protected":false},"excerpt":{"rendered":"<p>notre engagement rse Ensemble pour un D\u00e9veloppement Responsable et Solidaire Nous sommes convaincus que notre r\u00f4le ne se limite pas \u00e0 la performance \u00e9conomique. Notre engagement en mati\u00e8re de Responsabilit\u00e9 Soci\u00e9tale des Entreprises repose sur une approche int\u00e9gr\u00e9e qui vise \u00e0 concilier succ\u00e8s commercial et impact positif sur la soci\u00e9t\u00e9 et l\u2019environnement. Nous nous engageons [&hellip;]<\/p>\n","protected":false},"author":1,"featured_media":0,"parent":0,"menu_order":0,"comment_status":"closed","ping_status":"closed","template":"","meta":{"footnotes":""},"class_list":["post-354","page","type-page","status-publish","hentry"],"_links":{"self":[{"href":"https:\/\/europ-it.lu\/index.php?rest_route=\/wp\/v2\/pages\/354","targetHints":{"allow":["GET"]}}],"collection":[{"href":"https:\/\/europ-it.lu\/index.php?rest_route=\/wp\/v2\/pages"}],"about":[{"href":"https:\/\/europ-it.lu\/index.php?rest_route=\/wp\/v2\/types\/page"}],"author":[{"embeddable":true,"href":"https:\/\/europ-it.lu\/index.php?rest_route=\/wp\/v2\/users\/1"}],"replies":[{"embeddable":true,"href":"https:\/\/europ-it.lu\/index.php?rest_route=%2Fwp%2Fv2%2Fcomments&post=354"}],"version-history":[{"count":148,"href":"https:\/\/europ-it.lu\/index.php?rest_route=\/wp\/v2\/pages\/354\/revisions"}],"predecessor-version":[{"id":7675,"href":"https:\/\/europ-it.lu\/index.php?rest_route=\/wp\/v2\/pages\/354\/revisions\/7675"}],"wp:attachment":[{"href":"https:\/\/europ-it.lu\/index.php?rest_route=%2Fwp%2Fv2%2Fmedia&parent=354"}],"curies":[{"name":"wp","href":"https:\/\/api.w.org\/{rel}","templated":true}]}}