{"id":360,"date":"2024-10-05T16:14:34","date_gmt":"2024-10-05T16:14:34","guid":{"rendered":"https:\/\/exmc.pt\/?page_id=360"},"modified":"2025-04-24T18:22:34","modified_gmt":"2025-04-24T18:22:34","slug":"pole-etudes-developpement-testing-recette","status":"publish","type":"page","link":"https:\/\/europ-it.lu\/?page_id=360","title":{"rendered":"P\u00f4le Etudes D\u00e9veloppement Testing &#038; Recette"},"content":{"rendered":"\t\t<div data-elementor-type=\"wp-page\" data-elementor-id=\"360\" class=\"elementor elementor-360\" data-elementor-post-type=\"page\">\n\t\t\t\t<div class=\"elementor-element elementor-element-0704c97 e-flex e-con-boxed e-con e-parent\" data-id=\"0704c97\" data-element_type=\"container\" data-settings=\"{&quot;background_background&quot;:&quot;classic&quot;}\">\n\t\t\t\t\t<div class=\"e-con-inner\">\n\t\t\t\t<div class=\"elementor-element elementor-element-37a886c elementor-widget__width-initial elementor-widget elementor-widget-heading\" data-id=\"37a886c\" data-element_type=\"widget\" data-widget_type=\"heading.default\">\n\t\t\t\t<div class=\"elementor-widget-container\">\n\t\t\t\t\t<h1 class=\"elementor-heading-title elementor-size-default\">P\u00f4le Etudes D\u00e9veloppement<br>\nTesting &amp; Recette\n<\/h1>\t\t\t\t<\/div>\n\t\t\t\t<\/div>\n\t\t\t\t\t<\/div>\n\t\t\t\t<\/div>\n\t\t<div class=\"elementor-element elementor-element-0cc7ea4 e-flex e-con-boxed e-con e-parent\" data-id=\"0cc7ea4\" data-element_type=\"container\">\n\t\t\t\t\t<div class=\"e-con-inner\">\n\t\t<div class=\"elementor-element elementor-element-df07c90 e-con-full e-flex e-con e-child\" data-id=\"df07c90\" data-element_type=\"container\">\n\t\t\t\t<\/div>\n\t\t<div class=\"elementor-element elementor-element-9457e28 e-con-full e-flex e-con e-child\" data-id=\"9457e28\" data-element_type=\"container\" data-settings=\"{&quot;background_background&quot;:&quot;classic&quot;}\">\n\t\t\t\t<div class=\"elementor-element elementor-element-ce03cb0 elementor-widget__width-initial elementor-widget elementor-widget-heading\" data-id=\"ce03cb0\" data-element_type=\"widget\" data-widget_type=\"heading.default\">\n\t\t\t\t<div class=\"elementor-widget-container\">\n\t\t\t\t\t<h2 class=\"elementor-heading-title elementor-size-default\">Garantir la performance et la qualit\u00e9\nde vos solutions logicielles<\/h2>\t\t\t\t<\/div>\n\t\t\t\t<\/div>\n\t\t\t\t<\/div>\n\t\t\t\t\t<\/div>\n\t\t\t\t<\/div>\n\t\t<div class=\"elementor-element elementor-element-8329c04 e-flex e-con-boxed e-con e-parent\" data-id=\"8329c04\" data-element_type=\"container\">\n\t\t\t\t\t<div class=\"e-con-inner\">\n\t\t<div class=\"elementor-element elementor-element-28b4b8e e-con-full e-flex e-con e-child\" data-id=\"28b4b8e\" data-element_type=\"container\">\n\t\t<div class=\"elementor-element elementor-element-74300bb e-con-full e-flex elementor-invisible e-con e-child\" data-id=\"74300bb\" data-element_type=\"container\" data-settings=\"{&quot;animation&quot;:&quot;fadeInRight&quot;}\">\n\t\t\t\t<div class=\"elementor-element elementor-element-18dad08 elementor-widget__width-initial elementor-widget elementor-widget-text-editor\" data-id=\"18dad08\" data-element_type=\"widget\" data-widget_type=\"text-editor.default\">\n\t\t\t\t<div class=\"elementor-widget-container\">\n\t\t\t\t\t\t\t\t\t<p class=\"p2\">Notre P\u00f4le \u00c9tude, D\u00e9veloppement, Testing &amp; Recette r\u00e9unit des experts d\u00e9di\u00e9s \u00e0 la cr\u00e9ation, l\u2019optimisation et la validation de vos solutions logicielles.\u00a0<\/p><p>De la phase de conception jusqu\u2019\u00e0 la mise en production, nos consultants vous accompagnent dans chaque \u00e9tape du cycle de vie de vos projets.\u00a0<\/p>\t\t\t\t\t\t\t\t<\/div>\n\t\t\t\t<\/div>\n\t\t<div class=\"elementor-element elementor-element-0fb0761 e-con-full e-flex e-con e-child\" data-id=\"0fb0761\" data-element_type=\"container\">\n\t\t<div class=\"elementor-element elementor-element-1d9799d e-con-full e-flex e-con e-child\" data-id=\"1d9799d\" data-element_type=\"container\" data-settings=\"{&quot;background_background&quot;:&quot;classic&quot;}\">\n\t\t\t\t<\/div>\n\t\t\t\t<\/div>\n\t\t\t\t<\/div>\n\t\t<div class=\"elementor-element elementor-element-5825462 e-con-full e-flex elementor-invisible e-con e-child\" data-id=\"5825462\" data-element_type=\"container\" data-settings=\"{&quot;animation&quot;:&quot;fadeInLeft&quot;,&quot;background_background&quot;:&quot;classic&quot;}\">\n\t\t<div class=\"elementor-element elementor-element-44f20eb e-con-full e-flex e-con e-child\" data-id=\"44f20eb\" data-element_type=\"container\" data-settings=\"{&quot;background_background&quot;:&quot;classic&quot;}\">\n\t\t\t\t<\/div>\n\t\t<div class=\"elementor-element elementor-element-6cc562e e-con-full e-transform e-flex e-con e-child\" data-id=\"6cc562e\" data-element_type=\"container\" data-settings=\"{&quot;background_background&quot;:&quot;classic&quot;,&quot;_transform_translateX_effect&quot;:{&quot;unit&quot;:&quot;%&quot;,&quot;size&quot;:&quot;&quot;,&quot;sizes&quot;:[]},&quot;_transform_translateX_effect_tablet&quot;:{&quot;unit&quot;:&quot;%&quot;,&quot;size&quot;:&quot;&quot;,&quot;sizes&quot;:[]},&quot;_transform_translateX_effect_mobile&quot;:{&quot;unit&quot;:&quot;%&quot;,&quot;size&quot;:&quot;&quot;,&quot;sizes&quot;:[]},&quot;_transform_translateY_effect&quot;:{&quot;unit&quot;:&quot;%&quot;,&quot;size&quot;:38,&quot;sizes&quot;:[]},&quot;_transform_translateY_effect_tablet&quot;:{&quot;unit&quot;:&quot;%&quot;,&quot;size&quot;:&quot;&quot;,&quot;sizes&quot;:[]},&quot;_transform_translateY_effect_mobile&quot;:{&quot;unit&quot;:&quot;%&quot;,&quot;size&quot;:&quot;&quot;,&quot;sizes&quot;:[]}}\">\n\t\t\t\t<\/div>\n\t\t\t\t<\/div>\n\t\t\t\t<\/div>\n\t\t\t\t\t<\/div>\n\t\t\t\t<\/div>\n\t\t<div class=\"elementor-element elementor-element-70cab80 e-flex e-con-boxed e-con e-parent\" data-id=\"70cab80\" data-element_type=\"container\">\n\t\t\t\t\t<div class=\"e-con-inner\">\n\t\t<div class=\"elementor-element elementor-element-01e6ec8 e-con-full e-flex e-con e-child\" data-id=\"01e6ec8\" data-element_type=\"container\">\n\t\t<div class=\"elementor-element elementor-element-301ece8 e-con-full e-flex elementor-invisible e-con e-child\" data-id=\"301ece8\" data-element_type=\"container\" data-settings=\"{&quot;animation&quot;:&quot;fadeInRight&quot;}\">\n\t\t\t\t<div class=\"elementor-element elementor-element-be5f4f1 elementor-widget__width-initial elementor-widget elementor-widget-text-editor\" data-id=\"be5f4f1\" data-element_type=\"widget\" data-widget_type=\"text-editor.default\">\n\t\t\t\t<div class=\"elementor-widget-container\">\n\t\t\t\t\t\t\t\t\t<p>Gr\u00e2ce \u00e0 des m\u00e9thodes rigoureuses et des pratiques de qualit\u00e9, nous assurons que chaque application r\u00e9ponde aux besoins fonctionnels, garantissant ainsi robustesse, performance et satisfaction des utilisateurs.<\/p>\t\t\t\t\t\t\t\t<\/div>\n\t\t\t\t<\/div>\n\t\t\t\t<\/div>\n\t\t<div class=\"elementor-element elementor-element-c0dd1c9 e-con-full e-flex elementor-invisible e-con e-child\" data-id=\"c0dd1c9\" data-element_type=\"container\" data-settings=\"{&quot;animation&quot;:&quot;fadeInLeft&quot;,&quot;background_background&quot;:&quot;classic&quot;}\">\n\t\t<div class=\"elementor-element elementor-element-53b25c5 e-con-full e-flex e-con e-child\" data-id=\"53b25c5\" data-element_type=\"container\" data-settings=\"{&quot;background_background&quot;:&quot;classic&quot;}\">\n\t\t\t\t<\/div>\n\t\t<div class=\"elementor-element elementor-element-31d7b14 e-con-full e-transform e-flex e-con e-child\" data-id=\"31d7b14\" data-element_type=\"container\" data-settings=\"{&quot;background_background&quot;:&quot;classic&quot;,&quot;_transform_translateX_effect&quot;:{&quot;unit&quot;:&quot;%&quot;,&quot;size&quot;:&quot;&quot;,&quot;sizes&quot;:[]},&quot;_transform_translateX_effect_tablet&quot;:{&quot;unit&quot;:&quot;%&quot;,&quot;size&quot;:&quot;&quot;,&quot;sizes&quot;:[]},&quot;_transform_translateX_effect_mobile&quot;:{&quot;unit&quot;:&quot;%&quot;,&quot;size&quot;:&quot;&quot;,&quot;sizes&quot;:[]},&quot;_transform_translateY_effect&quot;:{&quot;unit&quot;:&quot;%&quot;,&quot;size&quot;:38,&quot;sizes&quot;:[]},&quot;_transform_translateY_effect_tablet&quot;:{&quot;unit&quot;:&quot;%&quot;,&quot;size&quot;:&quot;&quot;,&quot;sizes&quot;:[]},&quot;_transform_translateY_effect_mobile&quot;:{&quot;unit&quot;:&quot;%&quot;,&quot;size&quot;:&quot;&quot;,&quot;sizes&quot;:[]}}\">\n\t\t\t\t<\/div>\n\t\t\t\t<\/div>\n\t\t\t\t<\/div>\n\t\t\t\t\t<\/div>\n\t\t\t\t<\/div>\n\t\t\t\t<\/div>\n\t\t","protected":false},"excerpt":{"rendered":"<p>P\u00f4le Etudes D\u00e9veloppement Testing &#038; Recette Garantir la performance et la qualit\u00e9 de vos solutions logicielles Notre P\u00f4le \u00c9tude, D\u00e9veloppement, Testing &amp; Recette r\u00e9unit des experts d\u00e9di\u00e9s \u00e0 la cr\u00e9ation, l\u2019optimisation et la validation de vos solutions logicielles.\u00a0 De la phase de conception jusqu\u2019\u00e0 la mise en production, nos consultants vous accompagnent dans chaque \u00e9tape [&hellip;]<\/p>\n","protected":false},"author":1,"featured_media":0,"parent":0,"menu_order":0,"comment_status":"closed","ping_status":"closed","template":"","meta":{"footnotes":""},"class_list":["post-360","page","type-page","status-publish","hentry"],"_links":{"self":[{"href":"https:\/\/europ-it.lu\/index.php?rest_route=\/wp\/v2\/pages\/360","targetHints":{"allow":["GET"]}}],"collection":[{"href":"https:\/\/europ-it.lu\/index.php?rest_route=\/wp\/v2\/pages"}],"about":[{"href":"https:\/\/europ-it.lu\/index.php?rest_route=\/wp\/v2\/types\/page"}],"author":[{"embeddable":true,"href":"https:\/\/europ-it.lu\/index.php?rest_route=\/wp\/v2\/users\/1"}],"replies":[{"embeddable":true,"href":"https:\/\/europ-it.lu\/index.php?rest_route=%2Fwp%2Fv2%2Fcomments&post=360"}],"version-history":[{"count":124,"href":"https:\/\/europ-it.lu\/index.php?rest_route=\/wp\/v2\/pages\/360\/revisions"}],"predecessor-version":[{"id":8313,"href":"https:\/\/europ-it.lu\/index.php?rest_route=\/wp\/v2\/pages\/360\/revisions\/8313"}],"wp:attachment":[{"href":"https:\/\/europ-it.lu\/index.php?rest_route=%2Fwp%2Fv2%2Fmedia&parent=360"}],"curies":[{"name":"wp","href":"https:\/\/api.w.org\/{rel}","templated":true}]}}