{"id":362,"date":"2024-10-05T16:17:00","date_gmt":"2024-10-05T16:17:00","guid":{"rendered":"https:\/\/exmc.pt\/?page_id=362"},"modified":"2025-04-24T18:23:00","modified_gmt":"2025-04-24T18:23:00","slug":"pole-infrastructure-operation","status":"publish","type":"page","link":"https:\/\/europ-it.lu\/?page_id=362","title":{"rendered":"P\u00f4le Infrastructure &#038; Op\u00e9ration"},"content":{"rendered":"\t\t<div data-elementor-type=\"wp-page\" data-elementor-id=\"362\" class=\"elementor elementor-362\" data-elementor-post-type=\"page\">\n\t\t\t\t<div class=\"elementor-element elementor-element-bcddff5 e-flex e-con-boxed e-con e-parent\" data-id=\"bcddff5\" data-element_type=\"container\" data-settings=\"{&quot;background_background&quot;:&quot;classic&quot;}\">\n\t\t\t\t\t<div class=\"e-con-inner\">\n\t\t\t\t<div class=\"elementor-element elementor-element-5b23fbe elementor-widget__width-initial elementor-widget elementor-widget-heading\" data-id=\"5b23fbe\" data-element_type=\"widget\" data-widget_type=\"heading.default\">\n\t\t\t\t<div class=\"elementor-widget-container\">\n\t\t\t\t\t<h2 class=\"elementor-heading-title elementor-size-default\">P\u00f4le Infrastructure &amp; Op\u00e9ration\n<\/h2>\t\t\t\t<\/div>\n\t\t\t\t<\/div>\n\t\t\t\t\t<\/div>\n\t\t\t\t<\/div>\n\t\t<div class=\"elementor-element elementor-element-cad17b5 e-flex e-con-boxed e-con e-parent\" data-id=\"cad17b5\" data-element_type=\"container\">\n\t\t\t\t\t<div class=\"e-con-inner\">\n\t\t<div class=\"elementor-element elementor-element-ad6958b e-con-full e-flex e-con e-child\" data-id=\"ad6958b\" data-element_type=\"container\">\n\t\t\t\t<\/div>\n\t\t<div class=\"elementor-element elementor-element-54f6166 e-con-full e-flex e-con e-child\" data-id=\"54f6166\" data-element_type=\"container\" data-settings=\"{&quot;background_background&quot;:&quot;classic&quot;}\">\n\t\t\t\t<div class=\"elementor-element elementor-element-4d56556 elementor-widget elementor-widget-heading\" data-id=\"4d56556\" data-element_type=\"widget\" data-widget_type=\"heading.default\">\n\t\t\t\t<div class=\"elementor-widget-container\">\n\t\t\t\t\t<h2 class=\"elementor-heading-title elementor-size-default\">Optimisez la performance et la s\u00e9curit\u00e9 de vos syst\u00e8mes IT\n<\/h2>\t\t\t\t<\/div>\n\t\t\t\t<\/div>\n\t\t\t\t<\/div>\n\t\t\t\t\t<\/div>\n\t\t\t\t<\/div>\n\t\t<div class=\"elementor-element elementor-element-e66a051 e-flex e-con-boxed e-con e-parent\" data-id=\"e66a051\" data-element_type=\"container\">\n\t\t\t\t\t<div class=\"e-con-inner\">\n\t\t<div class=\"elementor-element elementor-element-3244147 e-con-full e-flex e-con e-child\" data-id=\"3244147\" data-element_type=\"container\">\n\t\t<div class=\"elementor-element elementor-element-3e491dd e-con-full e-flex elementor-invisible e-con e-child\" data-id=\"3e491dd\" data-element_type=\"container\" data-settings=\"{&quot;animation&quot;:&quot;fadeInRight&quot;}\">\n\t\t\t\t<div class=\"elementor-element elementor-element-f11d57f elementor-widget__width-initial elementor-widget elementor-widget-text-editor\" data-id=\"f11d57f\" data-element_type=\"widget\" data-widget_type=\"text-editor.default\">\n\t\t\t\t<div class=\"elementor-widget-container\">\n\t\t\t\t\t\t\t\t\t<p class=\"p2\">Le P\u00f4le Infrastructure &amp; Op\u00e9rations est d\u00e9di\u00e9 \u00e0 la gestion et \u00e0 l\u2019optimisation de vos environnements IT.<\/p><p><span style=\"font-weight: 400;\">Nos consultants interviennent pour concevoir des infrastructures performantes,<br \/>s\u00e9curis\u00e9es et \u00e9volutives, assurant la disponibilit\u00e9 et la robustesse de vos syst\u00e8mes.\u00a0<\/span><\/p>\t\t\t\t\t\t\t\t<\/div>\n\t\t\t\t<\/div>\n\t\t<div class=\"elementor-element elementor-element-ccc5dba e-con-full e-flex e-con e-child\" data-id=\"ccc5dba\" data-element_type=\"container\">\n\t\t<div class=\"elementor-element elementor-element-0e2307b e-con-full e-flex e-con e-child\" data-id=\"0e2307b\" data-element_type=\"container\" data-settings=\"{&quot;background_background&quot;:&quot;classic&quot;}\">\n\t\t\t\t<\/div>\n\t\t\t\t<\/div>\n\t\t\t\t<\/div>\n\t\t<div class=\"elementor-element elementor-element-7cfffef e-con-full e-flex elementor-invisible e-con e-child\" data-id=\"7cfffef\" data-element_type=\"container\" data-settings=\"{&quot;animation&quot;:&quot;fadeInLeft&quot;,&quot;background_background&quot;:&quot;classic&quot;}\">\n\t\t<div class=\"elementor-element elementor-element-81953e5 e-con-full e-flex e-con e-child\" data-id=\"81953e5\" data-element_type=\"container\" data-settings=\"{&quot;background_background&quot;:&quot;classic&quot;}\">\n\t\t\t\t<\/div>\n\t\t<div class=\"elementor-element elementor-element-0c74b7e e-con-full e-transform e-flex e-con e-child\" data-id=\"0c74b7e\" data-element_type=\"container\" data-settings=\"{&quot;background_background&quot;:&quot;classic&quot;,&quot;_transform_translateX_effect&quot;:{&quot;unit&quot;:&quot;%&quot;,&quot;size&quot;:&quot;&quot;,&quot;sizes&quot;:[]},&quot;_transform_translateX_effect_tablet&quot;:{&quot;unit&quot;:&quot;%&quot;,&quot;size&quot;:&quot;&quot;,&quot;sizes&quot;:[]},&quot;_transform_translateX_effect_mobile&quot;:{&quot;unit&quot;:&quot;%&quot;,&quot;size&quot;:&quot;&quot;,&quot;sizes&quot;:[]},&quot;_transform_translateY_effect&quot;:{&quot;unit&quot;:&quot;%&quot;,&quot;size&quot;:38,&quot;sizes&quot;:[]},&quot;_transform_translateY_effect_tablet&quot;:{&quot;unit&quot;:&quot;%&quot;,&quot;size&quot;:&quot;&quot;,&quot;sizes&quot;:[]},&quot;_transform_translateY_effect_mobile&quot;:{&quot;unit&quot;:&quot;%&quot;,&quot;size&quot;:&quot;&quot;,&quot;sizes&quot;:[]}}\">\n\t\t\t\t<\/div>\n\t\t\t\t<\/div>\n\t\t\t\t<\/div>\n\t\t\t\t\t<\/div>\n\t\t\t\t<\/div>\n\t\t<div class=\"elementor-element elementor-element-8573858 e-flex e-con-boxed e-con e-parent\" data-id=\"8573858\" data-element_type=\"container\">\n\t\t\t\t\t<div class=\"e-con-inner\">\n\t\t<div class=\"elementor-element elementor-element-17844eb e-con-full e-flex e-con e-child\" data-id=\"17844eb\" data-element_type=\"container\">\n\t\t<div class=\"elementor-element elementor-element-348da34 e-con-full e-flex elementor-invisible e-con e-child\" data-id=\"348da34\" data-element_type=\"container\" data-settings=\"{&quot;animation&quot;:&quot;fadeInRight&quot;}\">\n\t\t\t\t<div class=\"elementor-element elementor-element-02d5baf elementor-widget__width-initial elementor-widget elementor-widget-text-editor\" data-id=\"02d5baf\" data-element_type=\"widget\" data-widget_type=\"text-editor.default\">\n\t\t\t\t<div class=\"elementor-widget-container\">\n\t\t\t\t\t\t\t\t\t<p>Du d\u00e9ploiement \u00e0 l\u2019exploitation, en passant par la maintenance, nous veillons \u00e0 ce que votre infrastructure r\u00e9ponde aux besoins de votre activit\u00e9 et soutienne vos ambitions de croissance.<\/p>\t\t\t\t\t\t\t\t<\/div>\n\t\t\t\t<\/div>\n\t\t\t\t<\/div>\n\t\t<div class=\"elementor-element elementor-element-7281999 e-con-full e-flex elementor-invisible e-con e-child\" data-id=\"7281999\" data-element_type=\"container\" data-settings=\"{&quot;animation&quot;:&quot;fadeInLeft&quot;,&quot;background_background&quot;:&quot;classic&quot;}\">\n\t\t<div class=\"elementor-element elementor-element-cfea8a9 e-con-full e-flex e-con e-child\" data-id=\"cfea8a9\" data-element_type=\"container\" data-settings=\"{&quot;background_background&quot;:&quot;classic&quot;}\">\n\t\t\t\t<\/div>\n\t\t<div class=\"elementor-element elementor-element-84abea7 e-con-full e-transform e-flex e-con e-child\" data-id=\"84abea7\" data-element_type=\"container\" data-settings=\"{&quot;background_background&quot;:&quot;classic&quot;,&quot;_transform_translateX_effect&quot;:{&quot;unit&quot;:&quot;%&quot;,&quot;size&quot;:&quot;&quot;,&quot;sizes&quot;:[]},&quot;_transform_translateX_effect_tablet&quot;:{&quot;unit&quot;:&quot;%&quot;,&quot;size&quot;:&quot;&quot;,&quot;sizes&quot;:[]},&quot;_transform_translateX_effect_mobile&quot;:{&quot;unit&quot;:&quot;%&quot;,&quot;size&quot;:&quot;&quot;,&quot;sizes&quot;:[]},&quot;_transform_translateY_effect&quot;:{&quot;unit&quot;:&quot;%&quot;,&quot;size&quot;:38,&quot;sizes&quot;:[]},&quot;_transform_translateY_effect_tablet&quot;:{&quot;unit&quot;:&quot;%&quot;,&quot;size&quot;:&quot;&quot;,&quot;sizes&quot;:[]},&quot;_transform_translateY_effect_mobile&quot;:{&quot;unit&quot;:&quot;%&quot;,&quot;size&quot;:&quot;&quot;,&quot;sizes&quot;:[]}}\">\n\t\t\t\t<\/div>\n\t\t\t\t<\/div>\n\t\t\t\t<\/div>\n\t\t\t\t\t<\/div>\n\t\t\t\t<\/div>\n\t\t\t\t<\/div>\n\t\t","protected":false},"excerpt":{"rendered":"<p>P\u00f4le Infrastructure &#038; Op\u00e9ration Optimisez la performance et la s\u00e9curit\u00e9 de vos syst\u00e8mes IT Le P\u00f4le Infrastructure &amp; Op\u00e9rations est d\u00e9di\u00e9 \u00e0 la gestion et \u00e0 l\u2019optimisation de vos environnements IT. Nos consultants interviennent pour concevoir des infrastructures performantes,s\u00e9curis\u00e9es et \u00e9volutives, assurant la disponibilit\u00e9 et la robustesse de vos syst\u00e8mes.\u00a0 Du d\u00e9ploiement \u00e0 l\u2019exploitation, en [&hellip;]<\/p>\n","protected":false},"author":1,"featured_media":0,"parent":0,"menu_order":0,"comment_status":"closed","ping_status":"closed","template":"","meta":{"footnotes":""},"class_list":["post-362","page","type-page","status-publish","hentry"],"_links":{"self":[{"href":"https:\/\/europ-it.lu\/index.php?rest_route=\/wp\/v2\/pages\/362","targetHints":{"allow":["GET"]}}],"collection":[{"href":"https:\/\/europ-it.lu\/index.php?rest_route=\/wp\/v2\/pages"}],"about":[{"href":"https:\/\/europ-it.lu\/index.php?rest_route=\/wp\/v2\/types\/page"}],"author":[{"embeddable":true,"href":"https:\/\/europ-it.lu\/index.php?rest_route=\/wp\/v2\/users\/1"}],"replies":[{"embeddable":true,"href":"https:\/\/europ-it.lu\/index.php?rest_route=%2Fwp%2Fv2%2Fcomments&post=362"}],"version-history":[{"count":122,"href":"https:\/\/europ-it.lu\/index.php?rest_route=\/wp\/v2\/pages\/362\/revisions"}],"predecessor-version":[{"id":8314,"href":"https:\/\/europ-it.lu\/index.php?rest_route=\/wp\/v2\/pages\/362\/revisions\/8314"}],"wp:attachment":[{"href":"https:\/\/europ-it.lu\/index.php?rest_route=%2Fwp%2Fv2%2Fmedia&parent=362"}],"curies":[{"name":"wp","href":"https:\/\/api.w.org\/{rel}","templated":true}]}}