{"id":364,"date":"2024-10-05T16:18:07","date_gmt":"2024-10-05T16:18:07","guid":{"rendered":"https:\/\/exmc.pt\/?page_id=364"},"modified":"2025-04-24T18:23:42","modified_gmt":"2025-04-24T18:23:42","slug":"pole-cloud-cybersecurite-data","status":"publish","type":"page","link":"https:\/\/europ-it.lu\/?page_id=364","title":{"rendered":"P\u00f4le Cloud Cybers\u00e9curit\u00e9 &#038; Data"},"content":{"rendered":"\t\t<div data-elementor-type=\"wp-page\" data-elementor-id=\"364\" class=\"elementor elementor-364\" data-elementor-post-type=\"page\">\n\t\t\t\t<div class=\"elementor-element elementor-element-901ff8d e-flex e-con-boxed e-con e-parent\" data-id=\"901ff8d\" data-element_type=\"container\" data-settings=\"{&quot;background_background&quot;:&quot;classic&quot;}\">\n\t\t\t\t\t<div class=\"e-con-inner\">\n\t\t\t\t<div class=\"elementor-element elementor-element-c65bc7e elementor-widget__width-initial elementor-widget elementor-widget-heading\" data-id=\"c65bc7e\" data-element_type=\"widget\" data-widget_type=\"heading.default\">\n\t\t\t\t<div class=\"elementor-widget-container\">\n\t\t\t\t\t<h2 class=\"elementor-heading-title elementor-size-default\">P\u00f4le Cloud Cybers\u00e9curit\u00e9 &amp; Data\n<\/h2>\t\t\t\t<\/div>\n\t\t\t\t<\/div>\n\t\t\t\t\t<\/div>\n\t\t\t\t<\/div>\n\t\t<div class=\"elementor-element elementor-element-a5f9eb5 e-flex e-con-boxed e-con e-parent\" data-id=\"a5f9eb5\" data-element_type=\"container\">\n\t\t\t\t\t<div class=\"e-con-inner\">\n\t\t<div class=\"elementor-element elementor-element-90144df e-con-full e-flex e-con e-child\" data-id=\"90144df\" data-element_type=\"container\">\n\t\t\t\t<\/div>\n\t\t<div class=\"elementor-element elementor-element-f0f1518 e-con-full e-flex e-con e-child\" data-id=\"f0f1518\" data-element_type=\"container\" data-settings=\"{&quot;background_background&quot;:&quot;classic&quot;}\">\n\t\t\t\t<div class=\"elementor-element elementor-element-d609256 elementor-widget elementor-widget-heading\" data-id=\"d609256\" data-element_type=\"widget\" data-widget_type=\"heading.default\">\n\t\t\t\t<div class=\"elementor-widget-container\">\n\t\t\t\t\t<h2 class=\"elementor-heading-title elementor-size-default\">Transformez votre entreprise avec des solutions s\u00e9curis\u00e9es et performantes<\/h2>\t\t\t\t<\/div>\n\t\t\t\t<\/div>\n\t\t\t\t<\/div>\n\t\t\t\t\t<\/div>\n\t\t\t\t<\/div>\n\t\t<div class=\"elementor-element elementor-element-3e09c9a e-flex e-con-boxed e-con e-parent\" data-id=\"3e09c9a\" data-element_type=\"container\">\n\t\t\t\t\t<div class=\"e-con-inner\">\n\t\t<div class=\"elementor-element elementor-element-da28bbe e-con-full e-flex e-con e-child\" data-id=\"da28bbe\" data-element_type=\"container\">\n\t\t<div class=\"elementor-element elementor-element-b574d0e e-con-full e-flex elementor-invisible e-con e-child\" data-id=\"b574d0e\" data-element_type=\"container\" data-settings=\"{&quot;animation&quot;:&quot;fadeInRight&quot;}\">\n\t\t\t\t<div class=\"elementor-element elementor-element-c68a055 elementor-widget__width-initial elementor-widget elementor-widget-text-editor\" data-id=\"c68a055\" data-element_type=\"widget\" data-widget_type=\"text-editor.default\">\n\t\t\t\t<div class=\"elementor-widget-container\">\n\t\t\t\t\t\t\t\t\t<div class=\"elementor-element elementor-element-c68a055 elementor-widget__width-initial elementor-widget elementor-widget-text-editor\" data-id=\"c68a055\" data-element_type=\"widget\" data-widget_type=\"text-editor.default\"><div class=\"elementor-widget-container\"><p class=\"p2\">Le P\u00f4le Cloud, Cybers\u00e9curit\u00e9 &amp; Data regroupe des experts engag\u00e9s dans la transformation num\u00e9rique s\u00e9curis\u00e9e de votre entreprise.\u00a0<\/p><\/div><\/div><div class=\"elementor-element elementor-element-64c1567 elementor-widget__width-initial elementor-widget elementor-widget-text-editor\" data-id=\"64c1567\" data-element_type=\"widget\" data-widget_type=\"text-editor.default\"><div class=\"elementor-widget-container\">Avec une approche sur mesure, nous veillons \u00e0 ce que vos infrastructures soient s\u00e9curis\u00e9es, flexibles et optimis\u00e9es pour soutenir vos projets de demain.<br \/><br \/><\/div><\/div><div class=\"elementor-element elementor-element-89f035f elementor-widget__width-initial elementor-widget elementor-widget-text-editor\" data-id=\"89f035f\" data-element_type=\"widget\" data-widget_type=\"text-editor.default\"><div class=\"elementor-widget-container\"><p>Nos consultants vous accompagnent dans la mise en place de solutions cloud adapt\u00e9es, dans le renforcement de vos strat\u00e9gies de cybers\u00e9curit\u00e9 et dans l\u2019exploitation des donn\u00e9es pour en tirer des insights \u00e0 forte valeur ajout\u00e9e.\u00a0<\/p><\/div><\/div>\t\t\t\t\t\t\t\t<\/div>\n\t\t\t\t<\/div>\n\t\t<div class=\"elementor-element elementor-element-7dc5943 e-con-full e-flex e-con e-child\" data-id=\"7dc5943\" data-element_type=\"container\">\n\t\t<div class=\"elementor-element elementor-element-e7d3603 e-con-full e-flex e-con e-child\" data-id=\"e7d3603\" data-element_type=\"container\" data-settings=\"{&quot;background_background&quot;:&quot;classic&quot;}\">\n\t\t\t\t<\/div>\n\t\t\t\t<\/div>\n\t\t\t\t<\/div>\n\t\t<div class=\"elementor-element elementor-element-d867c2d e-con-full e-flex elementor-invisible e-con e-child\" data-id=\"d867c2d\" data-element_type=\"container\" data-settings=\"{&quot;animation&quot;:&quot;fadeInLeft&quot;,&quot;background_background&quot;:&quot;classic&quot;}\">\n\t\t<div class=\"elementor-element elementor-element-cc413fb e-con-full e-flex e-con e-child\" data-id=\"cc413fb\" data-element_type=\"container\" data-settings=\"{&quot;background_background&quot;:&quot;classic&quot;}\">\n\t\t\t\t<\/div>\n\t\t<div class=\"elementor-element elementor-element-3a30489 e-con-full e-transform e-flex e-con e-child\" data-id=\"3a30489\" data-element_type=\"container\" data-settings=\"{&quot;background_background&quot;:&quot;classic&quot;,&quot;_transform_translateX_effect&quot;:{&quot;unit&quot;:&quot;%&quot;,&quot;size&quot;:&quot;&quot;,&quot;sizes&quot;:[]},&quot;_transform_translateX_effect_tablet&quot;:{&quot;unit&quot;:&quot;%&quot;,&quot;size&quot;:&quot;&quot;,&quot;sizes&quot;:[]},&quot;_transform_translateX_effect_mobile&quot;:{&quot;unit&quot;:&quot;%&quot;,&quot;size&quot;:&quot;&quot;,&quot;sizes&quot;:[]},&quot;_transform_translateY_effect&quot;:{&quot;unit&quot;:&quot;%&quot;,&quot;size&quot;:38,&quot;sizes&quot;:[]},&quot;_transform_translateY_effect_tablet&quot;:{&quot;unit&quot;:&quot;%&quot;,&quot;size&quot;:&quot;&quot;,&quot;sizes&quot;:[]},&quot;_transform_translateY_effect_mobile&quot;:{&quot;unit&quot;:&quot;%&quot;,&quot;size&quot;:&quot;&quot;,&quot;sizes&quot;:[]}}\">\n\t\t\t\t<\/div>\n\t\t\t\t<\/div>\n\t\t\t\t<\/div>\n\t\t\t\t\t<\/div>\n\t\t\t\t<\/div>\n\t\t<div class=\"elementor-element elementor-element-f02b4a8 e-flex e-con-boxed e-con e-parent\" data-id=\"f02b4a8\" data-element_type=\"container\">\n\t\t\t\t\t<div class=\"e-con-inner\">\n\t\t<div class=\"elementor-element elementor-element-c73f363 e-con-full e-flex e-con e-child\" data-id=\"c73f363\" data-element_type=\"container\">\n\t\t<div class=\"elementor-element elementor-element-df2db7d e-con-full e-flex elementor-invisible e-con e-child\" data-id=\"df2db7d\" data-element_type=\"container\" data-settings=\"{&quot;animation&quot;:&quot;fadeInLeft&quot;,&quot;background_background&quot;:&quot;classic&quot;}\">\n\t\t<div class=\"elementor-element elementor-element-3d94bd0 e-con-full e-transform e-flex e-con e-child\" data-id=\"3d94bd0\" data-element_type=\"container\" data-settings=\"{&quot;background_background&quot;:&quot;classic&quot;,&quot;_transform_translateX_effect&quot;:{&quot;unit&quot;:&quot;%&quot;,&quot;size&quot;:&quot;&quot;,&quot;sizes&quot;:[]},&quot;_transform_translateX_effect_tablet&quot;:{&quot;unit&quot;:&quot;%&quot;,&quot;size&quot;:&quot;&quot;,&quot;sizes&quot;:[]},&quot;_transform_translateX_effect_mobile&quot;:{&quot;unit&quot;:&quot;%&quot;,&quot;size&quot;:&quot;&quot;,&quot;sizes&quot;:[]},&quot;_transform_translateY_effect&quot;:{&quot;unit&quot;:&quot;%&quot;,&quot;size&quot;:51,&quot;sizes&quot;:[]},&quot;_transform_translateY_effect_tablet&quot;:{&quot;unit&quot;:&quot;%&quot;,&quot;size&quot;:54,&quot;sizes&quot;:[]},&quot;_transform_translateY_effect_mobile&quot;:{&quot;unit&quot;:&quot;%&quot;,&quot;size&quot;:&quot;&quot;,&quot;sizes&quot;:[]}}\">\n\t\t\t\t<\/div>\n\t\t\t\t<\/div>\n\t\t\t\t<\/div>\n\t\t<div class=\"elementor-element elementor-element-6712440 e-con-full e-flex e-con e-child\" data-id=\"6712440\" data-element_type=\"container\" data-settings=\"{&quot;background_background&quot;:&quot;classic&quot;}\">\n\t\t\t\t<\/div>\n\t\t\t\t\t<\/div>\n\t\t\t\t<\/div>\n\t\t\t\t<\/div>\n\t\t","protected":false},"excerpt":{"rendered":"<p>P\u00f4le Cloud Cybers\u00e9curit\u00e9 &#038; Data Transformez votre entreprise avec des solutions s\u00e9curis\u00e9es et performantes Le P\u00f4le Cloud, Cybers\u00e9curit\u00e9 &amp; Data regroupe des experts engag\u00e9s dans la transformation num\u00e9rique s\u00e9curis\u00e9e de votre entreprise.\u00a0 Avec une approche sur mesure, nous veillons \u00e0 ce que vos infrastructures soient s\u00e9curis\u00e9es, flexibles et optimis\u00e9es pour soutenir vos projets de demain. [&hellip;]<\/p>\n","protected":false},"author":1,"featured_media":0,"parent":0,"menu_order":0,"comment_status":"closed","ping_status":"closed","template":"","meta":{"footnotes":""},"class_list":["post-364","page","type-page","status-publish","hentry"],"_links":{"self":[{"href":"https:\/\/europ-it.lu\/index.php?rest_route=\/wp\/v2\/pages\/364","targetHints":{"allow":["GET"]}}],"collection":[{"href":"https:\/\/europ-it.lu\/index.php?rest_route=\/wp\/v2\/pages"}],"about":[{"href":"https:\/\/europ-it.lu\/index.php?rest_route=\/wp\/v2\/types\/page"}],"author":[{"embeddable":true,"href":"https:\/\/europ-it.lu\/index.php?rest_route=\/wp\/v2\/users\/1"}],"replies":[{"embeddable":true,"href":"https:\/\/europ-it.lu\/index.php?rest_route=%2Fwp%2Fv2%2Fcomments&post=364"}],"version-history":[{"count":158,"href":"https:\/\/europ-it.lu\/index.php?rest_route=\/wp\/v2\/pages\/364\/revisions"}],"predecessor-version":[{"id":8315,"href":"https:\/\/europ-it.lu\/index.php?rest_route=\/wp\/v2\/pages\/364\/revisions\/8315"}],"wp:attachment":[{"href":"https:\/\/europ-it.lu\/index.php?rest_route=%2Fwp%2Fv2%2Fmedia&parent=364"}],"curies":[{"name":"wp","href":"https:\/\/api.w.org\/{rel}","templated":true}]}}