{"id":366,"date":"2024-10-05T16:18:38","date_gmt":"2024-10-05T16:18:38","guid":{"rendered":"https:\/\/exmc.pt\/?page_id=366"},"modified":"2025-04-24T18:24:19","modified_gmt":"2025-04-24T18:24:19","slug":"pilotage-transformation","status":"publish","type":"page","link":"https:\/\/europ-it.lu\/?page_id=366","title":{"rendered":"Pilotage &#038; transformation"},"content":{"rendered":"\t\t<div data-elementor-type=\"wp-page\" data-elementor-id=\"366\" class=\"elementor elementor-366\" data-elementor-post-type=\"page\">\n\t\t\t\t<div class=\"elementor-element elementor-element-4b258c5 e-flex e-con-boxed e-con e-parent\" data-id=\"4b258c5\" data-element_type=\"container\" data-settings=\"{&quot;background_background&quot;:&quot;classic&quot;}\">\n\t\t\t\t\t<div class=\"e-con-inner\">\n\t\t\t\t<div class=\"elementor-element elementor-element-a4e7ac0 elementor-widget__width-initial elementor-widget elementor-widget-heading\" data-id=\"a4e7ac0\" data-element_type=\"widget\" data-widget_type=\"heading.default\">\n\t\t\t\t<div class=\"elementor-widget-container\">\n\t\t\t\t\t<h2 class=\"elementor-heading-title elementor-size-default\">Pilotage &amp; transformation\n<\/h2>\t\t\t\t<\/div>\n\t\t\t\t<\/div>\n\t\t\t\t\t<\/div>\n\t\t\t\t<\/div>\n\t\t<div class=\"elementor-element elementor-element-90910b7 e-flex e-con-boxed e-con e-parent\" data-id=\"90910b7\" data-element_type=\"container\">\n\t\t\t\t\t<div class=\"e-con-inner\">\n\t\t<div class=\"elementor-element elementor-element-85b5af3 e-con-full e-flex e-con e-child\" data-id=\"85b5af3\" data-element_type=\"container\">\n\t\t\t\t<\/div>\n\t\t<div class=\"elementor-element elementor-element-282c7e7 e-con-full e-flex e-con e-child\" data-id=\"282c7e7\" data-element_type=\"container\" data-settings=\"{&quot;background_background&quot;:&quot;classic&quot;}\">\n\t\t\t\t<div class=\"elementor-element elementor-element-6e718d8 elementor-widget elementor-widget-heading\" data-id=\"6e718d8\" data-element_type=\"widget\" data-widget_type=\"heading.default\">\n\t\t\t\t<div class=\"elementor-widget-container\">\n\t\t\t\t\t<h2 class=\"elementor-heading-title elementor-size-default\">Acc\u00e9l\u00e9rez votre transition strat\u00e9gique avec expertise et agilit\u00e9\n<\/h2>\t\t\t\t<\/div>\n\t\t\t\t<\/div>\n\t\t\t\t<\/div>\n\t\t\t\t\t<\/div>\n\t\t\t\t<\/div>\n\t\t<div class=\"elementor-element elementor-element-783c2e7 e-flex e-con-boxed e-con e-parent\" data-id=\"783c2e7\" data-element_type=\"container\">\n\t\t\t\t\t<div class=\"e-con-inner\">\n\t\t<div class=\"elementor-element elementor-element-dfecc1d e-con-full e-flex e-con e-child\" data-id=\"dfecc1d\" data-element_type=\"container\">\n\t\t<div class=\"elementor-element elementor-element-b0e1264 e-con-full e-flex elementor-invisible e-con e-child\" data-id=\"b0e1264\" data-element_type=\"container\" data-settings=\"{&quot;animation&quot;:&quot;fadeInRight&quot;}\">\n\t\t\t\t<div class=\"elementor-element elementor-element-2c8b7ed elementor-widget__width-initial elementor-widget elementor-widget-text-editor\" data-id=\"2c8b7ed\" data-element_type=\"widget\" data-widget_type=\"text-editor.default\">\n\t\t\t\t<div class=\"elementor-widget-container\">\n\t\t\t\t\t\t\t\t\t<div class=\"elementor-element elementor-element-2c8b7ed elementor-widget__width-initial elementor-widget elementor-widget-text-editor\" data-id=\"2c8b7ed\" data-element_type=\"widget\" data-widget_type=\"text-editor.default\"><div class=\"elementor-widget-container\"><p class=\"p1\">Le P\u00f4le Pilotage &amp; Transformation est d\u00e9di\u00e9 \u00e0 l\u2019accompagnement des entreprises dans la gestion de leurs projets strat\u00e9giques et leur adaptation aux \u00e9volutions du march\u00e9.\u00a0<\/p><\/div><\/div><div class=\"elementor-element elementor-element-ed7f42d elementor-widget__width-initial elementor-widget elementor-widget-text-editor\" data-id=\"ed7f42d\" data-element_type=\"widget\" data-widget_type=\"text-editor.default\"><div class=\"elementor-widget-container\"><p>Nos consultants interviennent pour structurer, piloter et acc\u00e9l\u00e9rer vos projets de transformation, en assurant l\u2019alignement des \u00e9quipes et des processus sur vos objectifs.\u00a0<\/p><\/div><\/div><div class=\"elementor-element elementor-element-a806c2d elementor-widget__width-initial elementor-widget elementor-widget-text-editor\" data-id=\"a806c2d\" data-element_type=\"widget\" data-widget_type=\"text-editor.default\"><div class=\"elementor-widget-container\"><p>Gr\u00e2ce \u00e0 leur expertise, ils favorisent une transition ma\u00eetris\u00e9e, qui conjugue performance, agilit\u00e9 et cr\u00e9ation de valeur durable.<\/p><\/div><\/div>\t\t\t\t\t\t\t\t<\/div>\n\t\t\t\t<\/div>\n\t\t<div class=\"elementor-element elementor-element-eb80881 e-con-full e-flex e-con e-child\" data-id=\"eb80881\" data-element_type=\"container\">\n\t\t<div class=\"elementor-element elementor-element-e9abb2f e-con-full e-flex e-con e-child\" data-id=\"e9abb2f\" data-element_type=\"container\" data-settings=\"{&quot;background_background&quot;:&quot;classic&quot;}\">\n\t\t\t\t<\/div>\n\t\t\t\t<\/div>\n\t\t\t\t<\/div>\n\t\t<div class=\"elementor-element elementor-element-6ea88b6 e-con-full e-flex elementor-invisible e-con e-child\" data-id=\"6ea88b6\" data-element_type=\"container\" data-settings=\"{&quot;animation&quot;:&quot;fadeInLeft&quot;,&quot;background_background&quot;:&quot;classic&quot;}\">\n\t\t<div class=\"elementor-element elementor-element-79a9180 e-con-full e-flex e-con e-child\" data-id=\"79a9180\" data-element_type=\"container\" data-settings=\"{&quot;background_background&quot;:&quot;classic&quot;}\">\n\t\t\t\t<\/div>\n\t\t<div class=\"elementor-element elementor-element-3523148 e-con-full e-transform e-flex e-con e-child\" data-id=\"3523148\" data-element_type=\"container\" data-settings=\"{&quot;background_background&quot;:&quot;classic&quot;,&quot;_transform_translateX_effect&quot;:{&quot;unit&quot;:&quot;%&quot;,&quot;size&quot;:&quot;&quot;,&quot;sizes&quot;:[]},&quot;_transform_translateX_effect_tablet&quot;:{&quot;unit&quot;:&quot;%&quot;,&quot;size&quot;:&quot;&quot;,&quot;sizes&quot;:[]},&quot;_transform_translateX_effect_mobile&quot;:{&quot;unit&quot;:&quot;%&quot;,&quot;size&quot;:&quot;&quot;,&quot;sizes&quot;:[]},&quot;_transform_translateY_effect&quot;:{&quot;unit&quot;:&quot;%&quot;,&quot;size&quot;:38,&quot;sizes&quot;:[]},&quot;_transform_translateY_effect_tablet&quot;:{&quot;unit&quot;:&quot;%&quot;,&quot;size&quot;:&quot;&quot;,&quot;sizes&quot;:[]},&quot;_transform_translateY_effect_mobile&quot;:{&quot;unit&quot;:&quot;%&quot;,&quot;size&quot;:&quot;&quot;,&quot;sizes&quot;:[]}}\">\n\t\t\t\t<\/div>\n\t\t\t\t<\/div>\n\t\t\t\t<\/div>\n\t\t\t\t\t<\/div>\n\t\t\t\t<\/div>\n\t\t\t\t<\/div>\n\t\t","protected":false},"excerpt":{"rendered":"<p>Pilotage &#038; transformation Acc\u00e9l\u00e9rez votre transition strat\u00e9gique avec expertise et agilit\u00e9 Le P\u00f4le Pilotage &amp; Transformation est d\u00e9di\u00e9 \u00e0 l\u2019accompagnement des entreprises dans la gestion de leurs projets strat\u00e9giques et leur adaptation aux \u00e9volutions du march\u00e9.\u00a0 Nos consultants interviennent pour structurer, piloter et acc\u00e9l\u00e9rer vos projets de transformation, en assurant l\u2019alignement des \u00e9quipes et des [&hellip;]<\/p>\n","protected":false},"author":1,"featured_media":0,"parent":0,"menu_order":0,"comment_status":"closed","ping_status":"closed","template":"","meta":{"footnotes":""},"class_list":["post-366","page","type-page","status-publish","hentry"],"_links":{"self":[{"href":"https:\/\/europ-it.lu\/index.php?rest_route=\/wp\/v2\/pages\/366","targetHints":{"allow":["GET"]}}],"collection":[{"href":"https:\/\/europ-it.lu\/index.php?rest_route=\/wp\/v2\/pages"}],"about":[{"href":"https:\/\/europ-it.lu\/index.php?rest_route=\/wp\/v2\/types\/page"}],"author":[{"embeddable":true,"href":"https:\/\/europ-it.lu\/index.php?rest_route=\/wp\/v2\/users\/1"}],"replies":[{"embeddable":true,"href":"https:\/\/europ-it.lu\/index.php?rest_route=%2Fwp%2Fv2%2Fcomments&post=366"}],"version-history":[{"count":85,"href":"https:\/\/europ-it.lu\/index.php?rest_route=\/wp\/v2\/pages\/366\/revisions"}],"predecessor-version":[{"id":8316,"href":"https:\/\/europ-it.lu\/index.php?rest_route=\/wp\/v2\/pages\/366\/revisions\/8316"}],"wp:attachment":[{"href":"https:\/\/europ-it.lu\/index.php?rest_route=%2Fwp%2Fv2%2Fmedia&parent=366"}],"curies":[{"name":"wp","href":"https:\/\/api.w.org\/{rel}","templated":true}]}}