{"id":4274,"date":"2025-01-22T13:15:27","date_gmt":"2025-01-22T13:15:27","guid":{"rendered":"https:\/\/exmc.pt\/?page_id=4274"},"modified":"2025-05-27T13:56:37","modified_gmt":"2025-05-27T13:56:37","slug":"mentions-legales","status":"publish","type":"page","link":"https:\/\/europ-it.lu\/?page_id=4274","title":{"rendered":"Conditions d&#8217;utilisation"},"content":{"rendered":"\n<p><\/p>\n\n\n\n<div class=\"wp-block-columns is-layout-flex wp-container-core-columns-is-layout-28f84493 wp-block-columns-is-layout-flex\"><\/div>\n\n\n\n<h2 class=\"wp-block-heading has-black-color has-text-color has-link-color wp-elements-94ce8af4883fd4869fa47f756b2655a2\"><strong><code>CONDITIONS G\u00c9N\u00c9RALES D'UTILISATION<\/code><\/strong><\/h2>\n\n\n\n<p><br>En acc\u00e9dant au site web de Europ-IT Services ou en le consultant, ou encore en utilisant<br>et\/ou t\u00e9l\u00e9chargeant tout contenu provenant de celui-ci, vous acceptez les pr\u00e9sentes<br>conditions d\u2019utilisation telles que d\u00e9finies ci-dessous.<\/p>\n\n\n\n<p>Ce site a pour but de fournir des informations sur Europ-IT Services, sa structure, ses<br>services et ses rapports financiers. Malgr\u00e9 tous les efforts fournis pour diffuser un contenu fiable via ce site, Europ-IT Services ne peut garantir l\u2019exactitude, la pr\u00e9cision, l\u2019actualit\u00e9 ou l\u2019exhaustivit\u00e9 des informations<br>publi\u00e9es.<\/p>\n\n\n\n<p>Ce site est prot\u00e9g\u00e9 par des droits de propri\u00e9t\u00e9 intellectuelle et est la propri\u00e9t\u00e9 exclusive de<br>Europ-IT Services.<\/p>\n\n\n\n<p>Tout litige ou toute r\u00e9clamation d\u00e9coulant des pr\u00e9sentes conditions d\u2019utilisation ou s\u2019y<br>rapportant sera r\u00e9gi par le droit fran\u00e7ais. Toute action en justice devra \u00eatre engag\u00e9e en<br>France.<\/p>\n\n\n\n<h2 class=\"wp-block-heading has-black-color has-text-color has-link-color wp-elements-50b85e95d31669e1e4b3417434206c0c\"><br>DONN\u00c9ES PERSONNELLES<\/h2>\n\n\n\n<p><br>Europ-IT Services s\u2019engage \u00e0 assurer le plus haut niveau de protection de vos donn\u00e9es personnelles conform\u00e9ment au cadre l\u00e9gal en vigueur, et en particulier au R\u00e8glement<br><strong>G\u00e9n\u00e9ral sur la Protection des Donn\u00e9es (RGPD) 2016\/679 du Parlement europ\u00e9en et du<br>Conseil<\/strong>.Vos donn\u00e9es personnelles sont collect\u00e9es et trait\u00e9es dans le respect du cadre<br>juridique applicable.<\/p>\n\n\n\n<h2 class=\"wp-block-heading has-black-color has-text-color has-link-color wp-elements-d44925a43f77bcb7745c6c95f072df53\"><br>Dur\u00e9e de conservation des donn\u00e9es<\/h2>\n\n\n\n<p><br>Vos donn\u00e9es personnelles sont soumises \u00e0 une dur\u00e9e de conservation limit\u00e9e. En principe,<br>elles sont conserv\u00e9es pendant toute la dur\u00e9e de la relation commerciale \u00e9tablie entre vous<br>(ou votre entreprise) et Europ-IT Services. Dans tous les cas, vos donn\u00e9es seront<br>conserv\u00e9es conform\u00e9ment aux politiques et proc\u00e9dures sp\u00e9cifiques de gestion et de<br>conservation des documents que nous appliquons, en ligne avec les recommandations<\/p>\n\n\n\n<div class=\"wp-block-columns is-layout-flex wp-container-core-columns-is-layout-28f84493 wp-block-columns-is-layout-flex\">\n<div class=\"wp-block-column is-layout-flow wp-block-column-is-layout-flow\"><\/div>\n<\/div>\n\n\n\n<hr class=\"wp-block-separator has-alpha-channel-opacity\"\/>\n\n\n\n<p><\/p>\n\n\n\n<p><\/p>\n\n\n\n<p><\/p>\n\n\n\n<p><\/p>\n\n\n\n<p><\/p>\n\n\n\n<p><\/p>\n\n\n\n<hr class=\"wp-block-separator has-alpha-channel-opacity\"\/>\n","protected":false},"excerpt":{"rendered":"<p>CONDITIONS G\u00c9N\u00c9RALES D&#8217;UTILISATION En acc\u00e9dant au site web de Europ-IT Services ou en le consultant, ou encore en utilisantet\/ou t\u00e9l\u00e9chargeant tout contenu provenant de celui-ci, vous acceptez les pr\u00e9sentesconditions d\u2019utilisation telles que d\u00e9finies ci-dessous. Ce site a pour but de fournir des informations sur Europ-IT Services, sa structure, sesservices et ses rapports financiers. Malgr\u00e9 tous [&hellip;]<\/p>\n","protected":false},"author":1,"featured_media":0,"parent":0,"menu_order":0,"comment_status":"closed","ping_status":"closed","template":"","meta":{"footnotes":""},"class_list":["post-4274","page","type-page","status-publish","hentry"],"_links":{"self":[{"href":"https:\/\/europ-it.lu\/index.php?rest_route=\/wp\/v2\/pages\/4274","targetHints":{"allow":["GET"]}}],"collection":[{"href":"https:\/\/europ-it.lu\/index.php?rest_route=\/wp\/v2\/pages"}],"about":[{"href":"https:\/\/europ-it.lu\/index.php?rest_route=\/wp\/v2\/types\/page"}],"author":[{"embeddable":true,"href":"https:\/\/europ-it.lu\/index.php?rest_route=\/wp\/v2\/users\/1"}],"replies":[{"embeddable":true,"href":"https:\/\/europ-it.lu\/index.php?rest_route=%2Fwp%2Fv2%2Fcomments&post=4274"}],"version-history":[{"count":34,"href":"https:\/\/europ-it.lu\/index.php?rest_route=\/wp\/v2\/pages\/4274\/revisions"}],"predecessor-version":[{"id":9279,"href":"https:\/\/europ-it.lu\/index.php?rest_route=\/wp\/v2\/pages\/4274\/revisions\/9279"}],"wp:attachment":[{"href":"https:\/\/europ-it.lu\/index.php?rest_route=%2Fwp%2Fv2%2Fmedia&parent=4274"}],"curies":[{"name":"wp","href":"https:\/\/api.w.org\/{rel}","templated":true}]}}