{"id":470,"date":"2024-10-06T13:31:55","date_gmt":"2024-10-06T13:31:55","guid":{"rendered":"https:\/\/exmc.pt\/?page_id=470"},"modified":"2025-05-13T12:48:12","modified_gmt":"2025-05-13T12:48:12","slug":"a-nossa-equipa","status":"publish","type":"page","link":"https:\/\/europ-it.lu\/?page_id=470","title":{"rendered":"Notre \u00e9quipe"},"content":{"rendered":"\t\t<div data-elementor-type=\"wp-page\" data-elementor-id=\"470\" class=\"elementor elementor-470\" data-elementor-post-type=\"page\">\n\t\t\t\t<div class=\"elementor-element elementor-element-7c3df43 e-flex e-con-boxed e-con e-parent\" data-id=\"7c3df43\" data-element_type=\"container\" data-settings=\"{&quot;background_background&quot;:&quot;classic&quot;}\">\n\t\t\t\t\t<div class=\"e-con-inner\">\n\t\t\t\t<div class=\"elementor-element elementor-element-0398f2b elementor-widget elementor-widget-heading\" data-id=\"0398f2b\" data-element_type=\"widget\" data-widget_type=\"heading.default\">\n\t\t\t\t<div class=\"elementor-widget-container\">\n\t\t\t\t\t<h2 class=\"elementor-heading-title elementor-size-default\">NOTRE \u00c9QUIPE<\/h2>\t\t\t\t<\/div>\n\t\t\t\t<\/div>\n\t\t\t\t\t<\/div>\n\t\t\t\t<\/div>\n\t\t<div class=\"elementor-element elementor-element-6ddff80 e-flex e-con-boxed e-con e-parent\" data-id=\"6ddff80\" data-element_type=\"container\">\n\t\t\t\t\t<div class=\"e-con-inner\">\n\t\t<div class=\"elementor-element elementor-element-a7caa14 e-con-full e-flex e-con e-child\" data-id=\"a7caa14\" data-element_type=\"container\">\n\t\t\t\t<\/div>\n\t\t<div class=\"elementor-element elementor-element-fbd3166 e-con-full e-flex e-con e-child\" data-id=\"fbd3166\" data-element_type=\"container\" data-settings=\"{&quot;background_background&quot;:&quot;classic&quot;}\">\n\t\t\t\t<div class=\"elementor-element elementor-element-ceab892 elementor-widget__width-initial elementor-widget elementor-widget-heading\" data-id=\"ceab892\" data-element_type=\"widget\" data-widget_type=\"heading.default\">\n\t\t\t\t<div class=\"elementor-widget-container\">\n\t\t\t\t\t<h2 class=\"elementor-heading-title elementor-size-default\">EUROP IT LUXEMBOURG<\/h2>\t\t\t\t<\/div>\n\t\t\t\t<\/div>\n\t\t\t\t<\/div>\n\t\t\t\t\t<\/div>\n\t\t\t\t<\/div>\n\t\t<div class=\"elementor-element elementor-element-e2544f4 e-flex e-con-boxed e-con e-parent\" data-id=\"e2544f4\" data-element_type=\"container\">\n\t\t\t\t\t<div class=\"e-con-inner\">\n\t\t<div class=\"elementor-element elementor-element-1919b69 e-con-full e-flex e-con e-child\" data-id=\"1919b69\" data-element_type=\"container\">\n\t\t<div class=\"elementor-element elementor-element-43b67b7 e-con-full e-flex elementor-invisible e-con e-child\" data-id=\"43b67b7\" data-element_type=\"container\" data-settings=\"{&quot;animation&quot;:&quot;fadeInRight&quot;}\">\n\t\t<div class=\"elementor-element elementor-element-be98adc e-con-full e-flex e-con e-child\" data-id=\"be98adc\" data-element_type=\"container\">\n\t\t<div class=\"elementor-element elementor-element-3dc0cf8 e-con-full e-flex e-con e-child\" data-id=\"3dc0cf8\" data-element_type=\"container\" data-settings=\"{&quot;background_background&quot;:&quot;classic&quot;}\">\n\t\t\t\t<\/div>\n\t\t\t\t<\/div>\n\t\t\t\t<div class=\"elementor-element elementor-element-a691ea4 elementor-widget__width-initial elementor-widget elementor-widget-text-editor\" data-id=\"a691ea4\" data-element_type=\"widget\" data-widget_type=\"text-editor.default\">\n\t\t\t\t<div class=\"elementor-widget-container\">\n\t\t\t\t\t\t\t\t\t<p><span class=\"fontstyle0\">Notre cabinet pr\u00e9sent au Luxembourg, en France, au Portugal et au Maroc, repr\u00e9sente l\u2019alliance parfaite de l\u2019innovation et de l\u2019expertise en mati\u00e8re de conseil en IT et de recrutement sp\u00e9cialis\u00e9.<\/span><\/p><p>En tant que partenaire privil\u00e9gi\u00e9, nous accompagnons les entreprises luxembourgeoises, europ\u00e9ennes et d\u2019Afrique du Nord, qu\u2019il s\u2019agisse de grands groupes ou PME\/PMI.<\/p>\t\t\t\t\t\t\t\t<\/div>\n\t\t\t\t<\/div>\n\t\t\t\t<\/div>\n\t\t\t\t<\/div>\n\t\t\t\t\t<\/div>\n\t\t\t\t<\/div>\n\t\t<div class=\"elementor-element elementor-element-52ccf52 e-flex e-con-boxed e-con e-parent\" data-id=\"52ccf52\" data-element_type=\"container\" data-settings=\"{&quot;background_background&quot;:&quot;video&quot;,&quot;background_video_link&quot;:&quot;https:\\\/\\\/europ-it.lu\\\/wp-content\\\/uploads\\\/2024\\\/11\\\/exmc-back-ground.mp4&quot;,&quot;background_play_on_mobile&quot;:&quot;yes&quot;}\">\n\t\t\t\t\t<div class=\"e-con-inner\">\n\t\t<div class=\"elementor-background-video-container\">\n\t\t\t\t\t\t\t<video class=\"elementor-background-video-hosted\" autoplay muted playsinline loop><\/video>\n\t\t\t\t\t<\/div><div class=\"elementor-element elementor-element-e3f34f1 e-con-full e-flex e-con e-child\" data-id=\"e3f34f1\" data-element_type=\"container\">\n\t\t<div class=\"elementor-element elementor-element-c003158 e-con-full e-flex elementor-invisible e-con e-child\" data-id=\"c003158\" data-element_type=\"container\" data-settings=\"{&quot;background_background&quot;:&quot;classic&quot;,&quot;animation&quot;:&quot;fadeIn&quot;}\">\n\t\t<div class=\"elementor-element elementor-element-7655019 e-con-full e-flex e-con e-child\" data-id=\"7655019\" data-element_type=\"container\" data-settings=\"{&quot;background_background&quot;:&quot;classic&quot;}\">\n\t\t\t\t<\/div>\n\t\t<div class=\"elementor-element elementor-element-31ead70 e-con-full e-flex e-con e-child\" data-id=\"31ead70\" data-element_type=\"container\">\n\t\t\t\t<div class=\"elementor-element elementor-element-4e9c201 elementor-widget__width-inherit elementor-widget elementor-widget-heading\" data-id=\"4e9c201\" data-element_type=\"widget\" data-widget_type=\"heading.default\">\n\t\t\t\t<div class=\"elementor-widget-container\">\n\t\t\t\t\t<h2 class=\"elementor-heading-title elementor-size-default\">Elio ZAKINE <\/h2>\t\t\t\t<\/div>\n\t\t\t\t<\/div>\n\t\t\t\t<div class=\"elementor-element elementor-element-26572cb elementor-widget__width-inherit elementor-widget elementor-widget-heading\" data-id=\"26572cb\" data-element_type=\"widget\" data-widget_type=\"heading.default\">\n\t\t\t\t<div class=\"elementor-widget-container\">\n\t\t\t\t\t<p class=\"elementor-heading-title elementor-size-default\">Directeur G\u00e9n\u00e9ral <\/p>\t\t\t\t<\/div>\n\t\t\t\t<\/div>\n\t\t\t\t<div class=\"elementor-element elementor-element-ebd69f0 elementor-widget__width-initial elementor-widget elementor-widget-text-editor\" data-id=\"ebd69f0\" data-element_type=\"widget\" data-widget_type=\"text-editor.default\">\n\t\t\t\t<div class=\"elementor-widget-container\">\n\t\t\t\t\t\t\t\t\t<p style=\"font-weight: 400;\">Ing\u00e9nieur en informatique de formation, poss\u00e8de non seulement une expertise technique solide, mais \u00e9galement des comp\u00e9tences av\u00e9r\u00e9es en leadership et en management.<\/p><p style=\"font-weight: 400;\">Il supervise et coordonne l&#8217;ensemble des \u00e9quipes op\u00e9rationnelles, commerciales et administratives au sein des diff\u00e9rentes filiales du groupe.<\/p><p style=\"font-weight: 400;\">Fort d&#8217;une connaissance approfondie des cultures et des march\u00e9s luxembourgeois, fran\u00e7ais et marocain, il est en mesure de d\u00e9velopper des strat\u00e9gies adapt\u00e9es aux sp\u00e9cificit\u00e9s de chaque r\u00e9gion, tout en favorisant une synergie entre les \u00e9quipes.<\/p>\t\t\t\t\t\t\t\t<\/div>\n\t\t\t\t<\/div>\n\t\t\t\t<\/div>\n\t\t\t\t<\/div>\n\t\t<div class=\"elementor-element elementor-element-8adb4bb e-con-full e-flex elementor-invisible e-con e-child\" data-id=\"8adb4bb\" data-element_type=\"container\" data-settings=\"{&quot;background_background&quot;:&quot;classic&quot;,&quot;animation&quot;:&quot;fadeIn&quot;}\">\n\t\t<div class=\"elementor-element elementor-element-b4245e8 e-con-full e-flex e-con e-child\" data-id=\"b4245e8\" data-element_type=\"container\" data-settings=\"{&quot;background_background&quot;:&quot;classic&quot;}\">\n\t\t\t\t<\/div>\n\t\t<div class=\"elementor-element elementor-element-18a96a4 e-con-full e-flex e-con e-child\" data-id=\"18a96a4\" data-element_type=\"container\">\n\t\t\t\t<div class=\"elementor-element elementor-element-c5ac88d elementor-widget__width-inherit elementor-widget elementor-widget-heading\" data-id=\"c5ac88d\" data-element_type=\"widget\" data-widget_type=\"heading.default\">\n\t\t\t\t<div class=\"elementor-widget-container\">\n\t\t\t\t\t<h2 class=\"elementor-heading-title elementor-size-default\">Agn\u00e8s DOMANGE<\/h2>\t\t\t\t<\/div>\n\t\t\t\t<\/div>\n\t\t\t\t<div class=\"elementor-element elementor-element-d2b29c1 elementor-widget__width-inherit elementor-widget elementor-widget-heading\" data-id=\"d2b29c1\" data-element_type=\"widget\" data-widget_type=\"heading.default\">\n\t\t\t\t<div class=\"elementor-widget-container\">\n\t\t\t\t\t<p class=\"elementor-heading-title elementor-size-default\"> Directrice Commerciale<\/p>\t\t\t\t<\/div>\n\t\t\t\t<\/div>\n\t\t\t\t<div class=\"elementor-element elementor-element-8964eb3 elementor-widget__width-initial elementor-widget elementor-widget-text-editor\" data-id=\"8964eb3\" data-element_type=\"widget\" data-widget_type=\"text-editor.default\">\n\t\t\t\t<div class=\"elementor-widget-container\">\n\t\t\t\t\t\t\t\t\t<p style=\"font-weight: 400;\"> Plus de 20 ans d\u2019exp\u00e9rience dans le d\u00e9veloppement commercial, la gestion de grands comptes et le management d\u2019\u00e9quipes dans des environnements multiculturels.<\/p>\n<p style=\"font-weight: 400;\">Excellente connaissance des march\u00e9s luxembourgeois, fran\u00e7ais et portugais, avec une capacit\u00e9 av\u00e9r\u00e9e \u00e0 d\u00e9ployer des strat\u00e9gies commerciales performantes, \u00e0 renforcer la relation client et \u00e0 accompagner la croissance des entreprises.<\/p>\n&nbsp;<br><br><br>\t\t\t\t\t\t\t\t<\/div>\n\t\t\t\t<\/div>\n\t\t\t\t<\/div>\n\t\t\t\t<\/div>\n\t\t\t\t<\/div>\n\t\t<div class=\"elementor-element elementor-element-41a10e8 e-con-full e-flex e-con e-child\" data-id=\"41a10e8\" data-element_type=\"container\">\n\t\t<div class=\"elementor-element elementor-element-84dce6c e-con-full e-flex elementor-invisible e-con e-child\" data-id=\"84dce6c\" data-element_type=\"container\" data-settings=\"{&quot;background_background&quot;:&quot;classic&quot;,&quot;animation&quot;:&quot;fadeIn&quot;}\">\n\t\t<div class=\"elementor-element elementor-element-c0b8ea0 e-con-full e-flex e-con e-child\" data-id=\"c0b8ea0\" data-element_type=\"container\" data-settings=\"{&quot;background_background&quot;:&quot;classic&quot;}\">\n\t\t\t\t<\/div>\n\t\t<div class=\"elementor-element elementor-element-5c001a3 e-con-full e-flex e-con e-child\" data-id=\"5c001a3\" data-element_type=\"container\">\n\t\t\t\t<div class=\"elementor-element elementor-element-14c6f51 elementor-widget__width-inherit elementor-widget elementor-widget-heading\" data-id=\"14c6f51\" data-element_type=\"widget\" data-widget_type=\"heading.default\">\n\t\t\t\t<div class=\"elementor-widget-container\">\n\t\t\t\t\t<h2 class=\"elementor-heading-title elementor-size-default\">Samira GEORGE <\/h2>\t\t\t\t<\/div>\n\t\t\t\t<\/div>\n\t\t\t\t<div class=\"elementor-element elementor-element-bab7fbe elementor-widget__width-inherit elementor-widget elementor-widget-heading\" data-id=\"bab7fbe\" data-element_type=\"widget\" data-widget_type=\"heading.default\">\n\t\t\t\t<div class=\"elementor-widget-container\">\n\t\t\t\t\t<p class=\"elementor-heading-title elementor-size-default\">Responsable Ressources Humaines<\/p>\t\t\t\t<\/div>\n\t\t\t\t<\/div>\n\t\t\t\t<div class=\"elementor-element elementor-element-43fe65d elementor-widget__width-initial elementor-widget elementor-widget-text-editor\" data-id=\"43fe65d\" data-element_type=\"widget\" data-widget_type=\"text-editor.default\">\n\t\t\t\t<div class=\"elementor-widget-container\">\n\t\t\t\t\t\t\t\t\t<p>Forte d\u2019une solide exp\u00e9rience en recrutement IT et Gestion RH.<br \/><br \/>Excellente connaissance des march\u00e9s luxembourgeois et fran\u00e7ais, en mesure d\u2019identifier les talents capables de r\u00e9pondre aux exigences techniques et humaines de nos clients.<br \/><br \/><br \/><br \/><\/p>\t\t\t\t\t\t\t\t<\/div>\n\t\t\t\t<\/div>\n\t\t\t\t<\/div>\n\t\t\t\t<\/div>\n\t\t<div class=\"elementor-element elementor-element-89d1d70 e-con-full e-flex elementor-invisible e-con e-child\" data-id=\"89d1d70\" data-element_type=\"container\" data-settings=\"{&quot;background_background&quot;:&quot;classic&quot;,&quot;animation&quot;:&quot;fadeIn&quot;}\">\n\t\t<div class=\"elementor-element elementor-element-167595d e-con-full e-flex e-con e-child\" data-id=\"167595d\" data-element_type=\"container\" data-settings=\"{&quot;background_background&quot;:&quot;classic&quot;}\">\n\t\t\t\t<\/div>\n\t\t<div class=\"elementor-element elementor-element-3646c35 e-con-full e-flex e-con e-child\" data-id=\"3646c35\" data-element_type=\"container\">\n\t\t\t\t<div class=\"elementor-element elementor-element-6a95aa9 elementor-widget__width-inherit elementor-widget elementor-widget-heading\" data-id=\"6a95aa9\" data-element_type=\"widget\" data-widget_type=\"heading.default\">\n\t\t\t\t<div class=\"elementor-widget-container\">\n\t\t\t\t\t<h2 class=\"elementor-heading-title elementor-size-default\">Vincent TUCCI <\/h2>\t\t\t\t<\/div>\n\t\t\t\t<\/div>\n\t\t\t\t<div class=\"elementor-element elementor-element-b2ec7dd elementor-widget__width-inherit elementor-widget elementor-widget-heading\" data-id=\"b2ec7dd\" data-element_type=\"widget\" data-widget_type=\"heading.default\">\n\t\t\t\t<div class=\"elementor-widget-container\">\n\t\t\t\t\t<p class=\"elementor-heading-title elementor-size-default\">Directeur <br> Administratif &amp; Financier<\/p>\t\t\t\t<\/div>\n\t\t\t\t<\/div>\n\t\t\t\t<div class=\"elementor-element elementor-element-b2abb4d elementor-widget__width-initial elementor-widget elementor-widget-text-editor\" data-id=\"b2abb4d\" data-element_type=\"widget\" data-widget_type=\"text-editor.default\">\n\t\t\t\t<div class=\"elementor-widget-container\">\n\t\t\t\t\t\t\t\t\t<p>Riche de plusieurs ann\u00e9es d\u2019exp\u00e9rience dans la gestion comptable, administrative et fiscale, occupe le poste d\u2019administrateur unique, assurant ainsi une gestion pr\u00e9cise des op\u00e9rations financi\u00e8res.<\/p><p style=\"font-weight: 400;\">Il supervise les \u00e9quipes et veille \u00e0 ce que toutes les op\u00e9rations soient conformes aux r\u00e9glementations en vigueur.<\/p><p><br \/><br \/><\/p>\t\t\t\t\t\t\t\t<\/div>\n\t\t\t\t<\/div>\n\t\t\t\t<\/div>\n\t\t\t\t<\/div>\n\t\t<div class=\"elementor-element elementor-element-6b29b66 e-con-full e-flex elementor-invisible e-con e-child\" data-id=\"6b29b66\" data-element_type=\"container\" data-settings=\"{&quot;background_background&quot;:&quot;classic&quot;,&quot;animation&quot;:&quot;fadeIn&quot;}\">\n\t\t<div class=\"elementor-element elementor-element-5ffd69b e-con-full e-flex e-con e-child\" data-id=\"5ffd69b\" data-element_type=\"container\" data-settings=\"{&quot;background_background&quot;:&quot;classic&quot;}\">\n\t\t\t\t<\/div>\n\t\t<div class=\"elementor-element elementor-element-5a64b0d e-con-full e-flex e-con e-child\" data-id=\"5a64b0d\" data-element_type=\"container\">\n\t\t\t\t<div class=\"elementor-element elementor-element-7f9482f elementor-widget__width-inherit elementor-widget elementor-widget-heading\" data-id=\"7f9482f\" data-element_type=\"widget\" data-widget_type=\"heading.default\">\n\t\t\t\t<div class=\"elementor-widget-container\">\n\t\t\t\t\t<h2 class=\"elementor-heading-title elementor-size-default\">Maryem Mzabi<\/h2>\t\t\t\t<\/div>\n\t\t\t\t<\/div>\n\t\t\t\t<div class=\"elementor-element elementor-element-a239ef0 elementor-widget__width-inherit elementor-widget elementor-widget-heading\" data-id=\"a239ef0\" data-element_type=\"widget\" data-widget_type=\"heading.default\">\n\t\t\t\t<div class=\"elementor-widget-container\">\n\t\t\t\t\t<p class=\"elementor-heading-title elementor-size-default\">Directrice Communication &amp; D\u00e9veloppement commercial<\/p>\t\t\t\t<\/div>\n\t\t\t\t<\/div>\n\t\t\t\t<div class=\"elementor-element elementor-element-5cc7a90 elementor-widget__width-initial elementor-widget elementor-widget-text-editor\" data-id=\"5cc7a90\" data-element_type=\"widget\" data-widget_type=\"text-editor.default\">\n\t\t\t\t<div class=\"elementor-widget-container\">\n\t\t\t\t\t\t\t\t\t<p>Poss\u00e9dant une solide exp\u00e9rience en communication strat\u00e9gique et en d\u00e9veloppement commercial, Maryem excelle dans la cr\u00e9ation de marques fortes et de la mise en place de partenariats durables.<\/p><p>Elle a pilot\u00e9 avec succ\u00e8s des projets innovants pour renforcer la notori\u00e9t\u00e9 et accompagner la croissance de grandes entreprises et d\u2019organisations internationales.<\/p>\t\t\t\t\t\t\t\t<\/div>\n\t\t\t\t<\/div>\n\t\t\t\t<\/div>\n\t\t\t\t<\/div>\n\t\t\t\t<\/div>\n\t\t\t\t\t<\/div>\n\t\t\t\t<\/div>\n\t\t\t\t<\/div>\n\t\t","protected":false},"excerpt":{"rendered":"<p>NOTRE \u00c9QUIPE EUROP IT LUXEMBOURG Notre cabinet pr\u00e9sent au Luxembourg, en France, au Portugal et au Maroc, repr\u00e9sente l\u2019alliance parfaite de l\u2019innovation et de l\u2019expertise en mati\u00e8re de conseil en IT et de recrutement sp\u00e9cialis\u00e9. En tant que partenaire privil\u00e9gi\u00e9, nous accompagnons les entreprises luxembourgeoises, europ\u00e9ennes et d\u2019Afrique du Nord, qu\u2019il s\u2019agisse de grands groupes [&hellip;]<\/p>\n","protected":false},"author":1,"featured_media":0,"parent":0,"menu_order":0,"comment_status":"closed","ping_status":"closed","template":"","meta":{"footnotes":""},"class_list":["post-470","page","type-page","status-publish","hentry"],"_links":{"self":[{"href":"https:\/\/europ-it.lu\/index.php?rest_route=\/wp\/v2\/pages\/470","targetHints":{"allow":["GET"]}}],"collection":[{"href":"https:\/\/europ-it.lu\/index.php?rest_route=\/wp\/v2\/pages"}],"about":[{"href":"https:\/\/europ-it.lu\/index.php?rest_route=\/wp\/v2\/types\/page"}],"author":[{"embeddable":true,"href":"https:\/\/europ-it.lu\/index.php?rest_route=\/wp\/v2\/users\/1"}],"replies":[{"embeddable":true,"href":"https:\/\/europ-it.lu\/index.php?rest_route=%2Fwp%2Fv2%2Fcomments&post=470"}],"version-history":[{"count":285,"href":"https:\/\/europ-it.lu\/index.php?rest_route=\/wp\/v2\/pages\/470\/revisions"}],"predecessor-version":[{"id":9145,"href":"https:\/\/europ-it.lu\/index.php?rest_route=\/wp\/v2\/pages\/470\/revisions\/9145"}],"wp:attachment":[{"href":"https:\/\/europ-it.lu\/index.php?rest_route=%2Fwp%2Fv2%2Fmedia&parent=470"}],"curies":[{"name":"wp","href":"https:\/\/api.w.org\/{rel}","templated":true}]}}