{"id":5198,"date":"2024-10-05T16:13:54","date_gmt":"2024-10-05T16:13:54","guid":{"rendered":"https:\/\/exmc.pt\/current-affairs\/"},"modified":"2025-04-18T21:52:08","modified_gmt":"2025-04-18T21:52:08","slug":"news","status":"publish","type":"page","link":"https:\/\/europ-it.lu\/?page_id=5198&lang=en","title":{"rendered":"current affairs"},"content":{"rendered":"\t\t<div data-elementor-type=\"wp-page\" data-elementor-id=\"5198\" class=\"elementor elementor-5198\" data-elementor-post-type=\"page\">\n\t\t\t\t<div class=\"elementor-element elementor-element-181b94b e-flex e-con-boxed e-con e-parent\" data-id=\"181b94b\" data-element_type=\"container\" data-settings=\"{&quot;background_background&quot;:&quot;classic&quot;}\">\n\t\t\t\t\t<div class=\"e-con-inner\">\n\t\t\t\t<div class=\"elementor-element elementor-element-8a8710b elementor-widget elementor-widget-heading\" data-id=\"8a8710b\" data-element_type=\"widget\" data-widget_type=\"heading.default\">\n\t\t\t\t<div class=\"elementor-widget-container\">\n\t\t\t\t\t<h2 class=\"elementor-heading-title elementor-size-default\">News<\/h2>\t\t\t\t<\/div>\n\t\t\t\t<\/div>\n\t\t\t\t\t<\/div>\n\t\t\t\t<\/div>\n\t\t<div class=\"elementor-element elementor-element-7b4f084 e-flex e-con-boxed e-con e-parent\" data-id=\"7b4f084\" data-element_type=\"container\">\n\t\t\t\t\t<div class=\"e-con-inner\">\n\t\t<div class=\"elementor-element elementor-element-c793a4d e-con-full e-flex e-con e-child\" data-id=\"c793a4d\" data-element_type=\"container\">\n\t\t\t\t<\/div>\n\t\t<div class=\"elementor-element elementor-element-75063b9 e-con-full e-flex e-con e-child\" data-id=\"75063b9\" data-element_type=\"container\" data-settings=\"{&quot;background_background&quot;:&quot;classic&quot;}\">\n\t\t\t\t<div class=\"elementor-element elementor-element-c893aaf elementor-widget__width-initial elementor-widget elementor-widget-heading\" data-id=\"c893aaf\" data-element_type=\"widget\" data-widget_type=\"heading.default\">\n\t\t\t\t<div class=\"elementor-widget-container\">\n\t\t\t\t\t<h2 class=\"elementor-heading-title elementor-size-default\">Explore our latest news and developments\n<\/h2>\t\t\t\t<\/div>\n\t\t\t\t<\/div>\n\t\t\t\t<\/div>\n\t\t\t\t\t<\/div>\n\t\t\t\t<\/div>\n\t\t<div class=\"elementor-element elementor-element-479a5c6 e-flex e-con-boxed e-con e-parent\" data-id=\"479a5c6\" data-element_type=\"container\">\n\t\t\t\t\t<div class=\"e-con-inner\">\n\t\t<div class=\"elementor-element elementor-element-1f7fc6c e-con-full e-flex e-con e-child\" data-id=\"1f7fc6c\" data-element_type=\"container\">\n\t\t<div class=\"elementor-element elementor-element-cf18372 e-con-full e-flex elementor-invisible e-con e-child\" data-id=\"cf18372\" data-element_type=\"container\" data-settings=\"{&quot;animation&quot;:&quot;fadeInRight&quot;}\">\n\t\t\t\t<div class=\"elementor-element elementor-element-0d907bb elementor-widget__width-initial elementor-widget elementor-widget-text-editor\" data-id=\"0d907bb\" data-element_type=\"widget\" data-widget_type=\"text-editor.default\">\n\t\t\t\t<div class=\"elementor-widget-container\">\n\t\t\t\t\t\t\t\t\t<p><span style=\"font-weight: 400;\">Discover the latest news on essential skills, challenges and opportunities, and advances in sectors such as artificial intelligence, cybersecurity, software development and much more.<br><\/span><\/p><p><span style=\"font-weight: 400;\">Whether you&#8217;re a passionate professional, a student or simply curious to keep up with the latest advances<\/span><\/p>\t\t\t\t\t\t\t\t<\/div>\n\t\t\t\t<\/div>\n\t\t<div class=\"elementor-element elementor-element-deccd4b e-con-full e-flex e-con e-child\" data-id=\"deccd4b\" data-element_type=\"container\" data-settings=\"{&quot;background_background&quot;:&quot;classic&quot;}\">\n\t\t\t\t<\/div>\n\t\t\t\t<\/div>\n\t\t<div class=\"elementor-element elementor-element-59de445 e-con-full e-flex elementor-invisible e-con e-child\" data-id=\"59de445\" data-element_type=\"container\" data-settings=\"{&quot;animation&quot;:&quot;fadeInLeft&quot;}\">\n\t\t<div class=\"elementor-element elementor-element-96b30e2 e-con-full e-transform e-flex e-con e-child\" data-id=\"96b30e2\" data-element_type=\"container\" data-settings=\"{&quot;background_background&quot;:&quot;classic&quot;,&quot;_transform_translateX_effect&quot;:{&quot;unit&quot;:&quot;%&quot;,&quot;size&quot;:&quot;&quot;,&quot;sizes&quot;:[]},&quot;_transform_translateX_effect_tablet&quot;:{&quot;unit&quot;:&quot;%&quot;,&quot;size&quot;:&quot;&quot;,&quot;sizes&quot;:[]},&quot;_transform_translateX_effect_mobile&quot;:{&quot;unit&quot;:&quot;%&quot;,&quot;size&quot;:&quot;&quot;,&quot;sizes&quot;:[]},&quot;_transform_translateY_effect&quot;:{&quot;unit&quot;:&quot;%&quot;,&quot;size&quot;:38,&quot;sizes&quot;:[]},&quot;_transform_translateY_effect_tablet&quot;:{&quot;unit&quot;:&quot;%&quot;,&quot;size&quot;:&quot;&quot;,&quot;sizes&quot;:[]},&quot;_transform_translateY_effect_mobile&quot;:{&quot;unit&quot;:&quot;%&quot;,&quot;size&quot;:&quot;&quot;,&quot;sizes&quot;:[]}}\">\n\t\t\t\t<\/div>\n\t\t\t\t<div class=\"elementor-element elementor-element-ea13364 elementor-widget elementor-widget-image\" data-id=\"ea13364\" data-element_type=\"widget\" data-widget_type=\"image.default\">\n\t\t\t\t<div class=\"elementor-widget-container\">\n\t\t\t\t\t\t\t\t\t\t\t\t\t\t\t<img decoding=\"async\" src=\"https:\/\/europ-it.lu\/wp-content\/uploads\/2025\/03\/82.png\" title=\"82\" alt=\"82\" loading=\"lazy\" \/>\t\t\t\t\t\t\t\t\t\t\t\t\t\t\t<\/div>\n\t\t\t\t<\/div>\n\t\t\t\t<\/div>\n\t\t\t\t<\/div>\n\t\t\t\t\t<\/div>\n\t\t\t\t<\/div>\n\t\t<div class=\"elementor-element elementor-element-64ebe87 e-flex e-con-boxed e-con e-parent\" data-id=\"64ebe87\" data-element_type=\"container\">\n\t\t\t\t\t<div class=\"e-con-inner\">\n\t\t<div class=\"elementor-element elementor-element-32aadd3 e-con-full e-flex e-con e-child\" data-id=\"32aadd3\" data-element_type=\"container\">\n\t\t\t\t<div class=\"elementor-element elementor-element-0f2eab6 elementor-widget elementor-widget-heading\" data-id=\"0f2eab6\" data-element_type=\"widget\" data-widget_type=\"heading.default\">\n\t\t\t\t<div class=\"elementor-widget-container\">\n\t\t\t\t\t<h2 class=\"elementor-heading-title elementor-size-default\">All the latest news<\/h2>\t\t\t\t<\/div>\n\t\t\t\t<\/div>\n\t\t<div class=\"elementor-element elementor-element-2378047 e-con-full e-flex e-con e-child\" data-id=\"2378047\" data-element_type=\"container\" data-settings=\"{&quot;background_background&quot;:&quot;classic&quot;}\">\n\t\t\t\t<\/div>\n\t\t\t\t<\/div>\n\t\t\t\t\t<\/div>\n\t\t\t\t<\/div>\n\t\t<div class=\"elementor-element elementor-element-182b430 e-flex e-con-boxed e-con e-parent\" data-id=\"182b430\" data-element_type=\"container\">\n\t\t\t\t\t<div class=\"e-con-inner\">\n\t\t\t\t<div class=\"elementor-element elementor-element-fa4d39a elementor-posts--align-left elementor-widget__width-initial elementor-grid-tablet-1 elementor-grid-3 elementor-grid-mobile-1 elementor-posts--thumbnail-top elementor-widget elementor-widget-posts\" data-id=\"fa4d39a\" data-element_type=\"widget\" data-settings=\"{&quot;classic_row_gap&quot;:{&quot;unit&quot;:&quot;px&quot;,&quot;size&quot;:10,&quot;sizes&quot;:[]},&quot;classic_columns_tablet&quot;:&quot;1&quot;,&quot;classic_columns&quot;:&quot;3&quot;,&quot;classic_columns_mobile&quot;:&quot;1&quot;,&quot;classic_row_gap_tablet&quot;:{&quot;unit&quot;:&quot;px&quot;,&quot;size&quot;:&quot;&quot;,&quot;sizes&quot;:[]},&quot;classic_row_gap_mobile&quot;:{&quot;unit&quot;:&quot;px&quot;,&quot;size&quot;:&quot;&quot;,&quot;sizes&quot;:[]}}\" data-widget_type=\"posts.classic\">\n\t\t\t\t<div class=\"elementor-widget-container\">\n\t\t\t\t\t\t\t<div class=\"elementor-posts-container elementor-posts elementor-posts--skin-classic elementor-grid\">\n\t\t\t\t<article class=\"elementor-post elementor-grid-item post-4187 post type-post status-publish format-standard has-post-thumbnail hentry category-non-categorise\">\n\t\t\t\t<a class=\"elementor-post__thumbnail__link\" href=\"https:\/\/europ-it.lu\/?p=4187\" tabindex=\"-1\" >\n\t\t\t<div class=\"elementor-post__thumbnail\"><img fetchpriority=\"high\" decoding=\"async\" width=\"1537\" height=\"864\" src=\"https:\/\/europ-it.lu\/wp-content\/uploads\/2025\/03\/12-2.png\" class=\"attachment-full size-full wp-image-8632\" alt=\"\" srcset=\"https:\/\/europ-it.lu\/wp-content\/uploads\/2025\/03\/12-2.png 1537w, https:\/\/europ-it.lu\/wp-content\/uploads\/2025\/03\/12-2-300x169.png 300w, https:\/\/europ-it.lu\/wp-content\/uploads\/2025\/03\/12-2-1024x576.png 1024w, https:\/\/europ-it.lu\/wp-content\/uploads\/2025\/03\/12-2-768x432.png 768w\" sizes=\"(max-width: 1537px) 100vw, 1537px\" \/><\/div>\n\t\t<\/a>\n\t\t\t\t<div class=\"elementor-post__text\">\n\t\t\t\t<h3 class=\"elementor-post__title\">\n\t\t\t<a href=\"https:\/\/europ-it.lu\/?p=4187\" >\n\t\t\t\tComment r\u00e9ussir l\u2019int\u00e9gration de profils techniques dans vos \u00e9quipes au Luxembourg ?\t\t\t<\/a>\n\t\t<\/h3>\n\t\t\t\t<div class=\"elementor-post__meta-data\">\n\t\t\t\t\t<span class=\"elementor-post-date\">\n\t\t\tmars 3, 2025\t\t<\/span>\n\t\t\t\t<\/div>\n\t\t\t\t<div class=\"elementor-post__excerpt\">\n\t\t\t<p>Collaborer avec de nouveaux talents techniques peut repr\u00e9senter un d\u00e9fi, tant pour le collaborateur qui doit s\u2019adapter \u00e0 un nouvel\t\t<\/div>\n\t\t\t\t\t<div class=\"elementor-post__read-more-wrapper\">\n\t\t\n\t\t<a class=\"elementor-post__read-more\" href=\"https:\/\/europ-it.lu\/?p=4187\" aria-label=\"Read more about Comment r\u00e9ussir l\u2019int\u00e9gration de profils techniques dans vos \u00e9quipes au Luxembourg ?\" tabindex=\"-1\" >\n\t\t\tSee the article &gt;\t\t<\/a>\n\n\t\t\t\t\t<\/div>\n\t\t\t\t<\/div>\n\t\t\t\t<\/article>\n\t\t\t\t<article class=\"elementor-post elementor-grid-item post-4186 post type-post status-publish format-standard has-post-thumbnail hentry category-non-categorise\">\n\t\t\t\t<a class=\"elementor-post__thumbnail__link\" href=\"https:\/\/europ-it.lu\/?p=4186\" tabindex=\"-1\" >\n\t\t\t<div class=\"elementor-post__thumbnail\"><img decoding=\"async\" width=\"1537\" height=\"864\" src=\"https:\/\/europ-it.lu\/wp-content\/uploads\/2025\/03\/11.png\" class=\"attachment-full size-full wp-image-8635\" alt=\"\" srcset=\"https:\/\/europ-it.lu\/wp-content\/uploads\/2025\/03\/11.png 1537w, https:\/\/europ-it.lu\/wp-content\/uploads\/2025\/03\/11-300x169.png 300w, https:\/\/europ-it.lu\/wp-content\/uploads\/2025\/03\/11-1024x576.png 1024w, https:\/\/europ-it.lu\/wp-content\/uploads\/2025\/03\/11-768x432.png 768w\" sizes=\"(max-width: 1537px) 100vw, 1537px\" \/><\/div>\n\t\t<\/a>\n\t\t\t\t<div class=\"elementor-post__text\">\n\t\t\t\t<h3 class=\"elementor-post__title\">\n\t\t\t<a href=\"https:\/\/europ-it.lu\/?p=4186\" >\n\t\t\t\tLa r\u00e9gie IT : une solution strat\u00e9gique pour vos projets au Luxembourg\t\t\t<\/a>\n\t\t<\/h3>\n\t\t\t\t<div class=\"elementor-post__meta-data\">\n\t\t\t\t\t<span class=\"elementor-post-date\">\n\t\t\tmars 3, 2025\t\t<\/span>\n\t\t\t\t<\/div>\n\t\t\t\t<div class=\"elementor-post__excerpt\">\n\t\t\t<p>Travailler avec des experts externes directement int\u00e9gr\u00e9s \u00e0 vos \u00e9quipes peut r\u00e9volutionner la gestion de vos projets informatiques. Pour les\t\t<\/div>\n\t\t\t\t\t<div class=\"elementor-post__read-more-wrapper\">\n\t\t\n\t\t<a class=\"elementor-post__read-more\" href=\"https:\/\/europ-it.lu\/?p=4186\" aria-label=\"Read more about La r\u00e9gie IT : une solution strat\u00e9gique pour vos projets au Luxembourg\" tabindex=\"-1\" >\n\t\t\tSee the article &gt;\t\t<\/a>\n\n\t\t\t\t\t<\/div>\n\t\t\t\t<\/div>\n\t\t\t\t<\/article>\n\t\t\t\t<article class=\"elementor-post elementor-grid-item post-4184 post type-post status-publish format-standard has-post-thumbnail hentry category-non-categorise\">\n\t\t\t\t<a class=\"elementor-post__thumbnail__link\" href=\"https:\/\/europ-it.lu\/?p=4184\" tabindex=\"-1\" >\n\t\t\t<div class=\"elementor-post__thumbnail\"><img decoding=\"async\" width=\"1537\" height=\"864\" src=\"https:\/\/europ-it.lu\/wp-content\/uploads\/2025\/03\/14-1.png\" class=\"attachment-full size-full wp-image-8638\" alt=\"\" srcset=\"https:\/\/europ-it.lu\/wp-content\/uploads\/2025\/03\/14-1.png 1537w, https:\/\/europ-it.lu\/wp-content\/uploads\/2025\/03\/14-1-300x169.png 300w, https:\/\/europ-it.lu\/wp-content\/uploads\/2025\/03\/14-1-1024x576.png 1024w, https:\/\/europ-it.lu\/wp-content\/uploads\/2025\/03\/14-1-768x432.png 768w\" sizes=\"(max-width: 1537px) 100vw, 1537px\" \/><\/div>\n\t\t<\/a>\n\t\t\t\t<div class=\"elementor-post__text\">\n\t\t\t\t<h3 class=\"elementor-post__title\">\n\t\t\t<a href=\"https:\/\/europ-it.lu\/?p=4184\" >\n\t\t\t\tCybers\u00e9curit\u00e9 : Prot\u00e9gez votre entreprise, renforcez votre r\u00e9silience\t\t\t<\/a>\n\t\t<\/h3>\n\t\t\t\t<div class=\"elementor-post__meta-data\">\n\t\t\t\t\t<span class=\"elementor-post-date\">\n\t\t\tmars 3, 2025\t\t<\/span>\n\t\t\t\t<\/div>\n\t\t\t\t<div class=\"elementor-post__excerpt\">\n\t\t\t<p>Dans un monde o\u00f9 les cybermenaces \u00e9voluent rapidement, la protection des donn\u00e9es et des syst\u00e8mes informatiques est devenue une priorit\u00e9\t\t<\/div>\n\t\t\t\t\t<div class=\"elementor-post__read-more-wrapper\">\n\t\t\n\t\t<a class=\"elementor-post__read-more\" href=\"https:\/\/europ-it.lu\/?p=4184\" aria-label=\"Read more about Cybers\u00e9curit\u00e9 : Prot\u00e9gez votre entreprise, renforcez votre r\u00e9silience\" tabindex=\"-1\" >\n\t\t\tSee the article &gt;\t\t<\/a>\n\n\t\t\t\t\t<\/div>\n\t\t\t\t<\/div>\n\t\t\t\t<\/article>\n\t\t\t\t<\/div>\n\t\t\n\t\t\t\t\t\t<\/div>\n\t\t\t\t<\/div>\n\t\t\t\t\t<\/div>\n\t\t\t\t<\/div>\n\t\t\t\t<\/div>\n\t\t","protected":false},"excerpt":{"rendered":"<p>News Explore our latest news and developments Discover the latest news on essential skills, challenges and opportunities, and advances in sectors such as artificial intelligence, cybersecurity, software development and much more. Whether you&#8217;re a passionate professional, a student or simply curious to keep up with the latest advances All the latest news<\/p>\n","protected":false},"author":1,"featured_media":0,"parent":0,"menu_order":0,"comment_status":"closed","ping_status":"closed","template":"","meta":{"footnotes":""},"class_list":["post-5198","page","type-page","status-publish","hentry"],"_links":{"self":[{"href":"https:\/\/europ-it.lu\/index.php?rest_route=\/wp\/v2\/pages\/5198","targetHints":{"allow":["GET"]}}],"collection":[{"href":"https:\/\/europ-it.lu\/index.php?rest_route=\/wp\/v2\/pages"}],"about":[{"href":"https:\/\/europ-it.lu\/index.php?rest_route=\/wp\/v2\/types\/page"}],"author":[{"embeddable":true,"href":"https:\/\/europ-it.lu\/index.php?rest_route=\/wp\/v2\/users\/1"}],"replies":[{"embeddable":true,"href":"https:\/\/europ-it.lu\/index.php?rest_route=%2Fwp%2Fv2%2Fcomments&post=5198"}],"version-history":[{"count":17,"href":"https:\/\/europ-it.lu\/index.php?rest_route=\/wp\/v2\/pages\/5198\/revisions"}],"predecessor-version":[{"id":8060,"href":"https:\/\/europ-it.lu\/index.php?rest_route=\/wp\/v2\/pages\/5198\/revisions\/8060"}],"wp:attachment":[{"href":"https:\/\/europ-it.lu\/index.php?rest_route=%2Fwp%2Fv2%2Fmedia&parent=5198"}],"curies":[{"name":"wp","href":"https:\/\/api.w.org\/{rel}","templated":true}]}}